{"id":2095,"date":"2016-07-20T11:40:01","date_gmt":"2016-07-20T09:40:01","guid":{"rendered":"http:\/\/flyforyou.fr\/?page_id=2095&#038;lang=en"},"modified":"2016-07-26T17:11:43","modified_gmt":"2016-07-26T15:11:43","slug":"gift-pack","status":"publish","type":"page","link":"https:\/\/flyforyou.fr\/en\/gift-pack\/","title":{"rendered":"Gift Pack"},"content":{"rendered":"<div class=\"wpb-content-wrapper\"><p>[vc_row][vc_column]<div id=\"ultimate-heading-654769dec1e1ea047\" class=\"uvc-heading ult-adjust-bottom-margin ultimate-heading-654769dec1e1ea047 uvc-2577  uvc-heading-default-font-sizes\" data-hspacer=\"no_spacer\"  data-halign=\"center\" style=\"text-align:center\"><div class=\"uvc-heading-spacer no_spacer\" style=\"top\"><\/div><div class=\"uvc-main-heading ult-responsive\"  data-ultimate-target='.uvc-heading.ultimate-heading-654769dec1e1ea047 h1'  data-responsive-json-new='{\"font-size\":\"\",\"line-height\":\"\"}' ><h1 style=\"font-family:&#039;Cabin Sketch&#039;;--font-weight:theme;color:#063971;\">GIFT PACK<\/h1><\/div><\/div><div class=\"ult-spacer spacer-69dec1e1ea0d0\" data-id=\"69dec1e1ea0d0\" data-height=\"20\" data-height-mobile=\"10\" data-height-tab=\"10\" data-height-tab-portrait=\"10\" data-height-mobile-landscape=\"10\" style=\"clear:both;display:block;\"><\/div>[\/vc_column][\/vc_row][vc_row][vc_column]<div class=\"ult-spacer spacer-69dec1e1ef659\" data-id=\"69dec1e1ef659\" data-height=\"20\" data-height-mobile=\"10\" data-height-tab=\"10\" data-height-tab-portrait=\"10\" data-height-mobile-landscape=\"10\" style=\"clear:both;display:block;\"><\/div>[\/vc_column][\/vc_row][vc_row][vc_column width=&#8221;1\/2&#8243;]<div id=\"ultimate-heading-121669dec1e1ef726\" class=\"uvc-heading ult-adjust-bottom-margin ultimate-heading-121669dec1e1ef726 uvc-6717  uvc-heading-default-font-sizes\" data-hspacer=\"no_spacer\"  data-halign=\"center\" style=\"text-align:center\"><div class=\"uvc-heading-spacer no_spacer\" style=\"top\"><\/div><div class=\"uvc-main-heading ult-responsive\"  data-ultimate-target='.uvc-heading.ultimate-heading-121669dec1e1ef726 h2'  data-responsive-json-new='{\"font-size\":\"\",\"line-height\":\"\"}' ><h2 style=\"font-family:&#039;Cabin Sketch&#039;;--font-weight:theme;color:#063971;\">THE BOXES (for 1 passenger)<\/h2><\/div><\/div><div class=\"ult-spacer spacer-69dec1e1ef818\" data-id=\"69dec1e1ef818\" data-height=\"20\" data-height-mobile=\"10\" data-height-tab=\"10\" data-height-tab-portrait=\"10\" data-height-mobile-landscape=\"10\" style=\"clear:both;display:block;\"><\/div>[vc_single_image image=&#8221;2299&#8243; img_size=&#8221;full&#8221; alignment=&#8221;center&#8221; style=&#8221;vc_box_rounded&#8221; onclick=&#8221;custom_link&#8221; lazy_loading=&#8221;true&#8221; link=&#8221;http:\/\/flyforyou.fr\/en\/gift-pack\/the-boxes-for-1-passenger\/&#8221;][\/vc_column][vc_column width=&#8221;1\/2&#8243;]<div id=\"ultimate-heading-973469dec1e1ef894\" class=\"uvc-heading ult-adjust-bottom-margin ultimate-heading-973469dec1e1ef894 uvc-3253  uvc-heading-default-font-sizes\" data-hspacer=\"no_spacer\"  data-halign=\"center\" style=\"text-align:center\"><div class=\"uvc-heading-spacer no_spacer\" style=\"top\"><\/div><div class=\"uvc-main-heading ult-responsive\"  data-ultimate-target='.uvc-heading.ultimate-heading-973469dec1e1ef894 h2'  data-responsive-json-new='{\"font-size\":\"\",\"line-height\":\"\"}' ><h2 style=\"font-family:&#039;Cabin Sketch&#039;;--font-weight:theme;color:#063971;\">THE BOXES TO SHARE (for 2 passengers)<\/h2><\/div><\/div><div class=\"ult-spacer spacer-69dec1e1ef950\" data-id=\"69dec1e1ef950\" data-height=\"20\" data-height-mobile=\"10\" data-height-tab=\"10\" data-height-tab-portrait=\"10\" data-height-mobile-landscape=\"10\" style=\"clear:both;display:block;\"><\/div>[vc_single_image image=&#8221;2299&#8243; img_size=&#8221;full&#8221; alignment=&#8221;center&#8221; style=&#8221;vc_box_rounded&#8221; onclick=&#8221;custom_link&#8221; lazy_loading=&#8221;true&#8221; link=&#8221;http:\/\/flyforyou.fr\/en\/gift-pack\/the-boxes-to-share-for-2-passagers\/&#8221;][\/vc_column][\/vc_row]<\/p>\n<\/div>","protected":false},"excerpt":{"rendered":"<p>[vc_row][vc_column][\/vc_column][\/vc_row][vc_row][vc_column][\/vc_column][\/vc_row][vc_row][vc_column width=&#8221;1\/2&#8243;][vc_single_image image=&#8221;2299&#8243; img_size=&#8221;full&#8221; alignment=&#8221;center&#8221; style=&#8221;vc_box_rounded&#8221; onclick=&#8221;custom_link&#8221; lazy_loading=&#8221;true&#8221; link=&#8221;http:\/\/flyforyou.fr\/en\/gift-pack\/the-boxes-for-1-passenger\/&#8221;][\/vc_column][vc_column width=&#8221;1\/2&#8243;][vc_single_image image=&#8221;2299&#8243; img_size=&#8221;full&#8221; alignment=&#8221;center&#8221; style=&#8221;vc_box_rounded&#8221; onclick=&#8221;custom_link&#8221; lazy_loading=&#8221;true&#8221; link=&#8221;http:\/\/flyforyou.fr\/en\/gift-pack\/the-boxes-to-share-for-2-passagers\/&#8221;][\/vc_column][\/vc_row]<\/p>\n","protected":false},"author":1,"featured_media":0,"parent":0,"menu_order":0,"comment_status":"closed","ping_status":"closed","template":"","meta":{"_acf_changed":false,"footnotes":""},"class_list":["post-2095","page","type-page","status-publish","hentry","description-off"],"acf":[],"yoast_head":"<!-- This site is optimized with the Yoast SEO plugin v27.1.1 - https:\/\/yoast.com\/product\/yoast-seo-wordpress\/ -->\n<title>Gift Pack | Fly For You offer a helicopter first flight<\/title>\n<meta name=\"description\" content=\"Discover the gift pack Fly For You. Treat your friends and family providing a helicopter flight. An experience of a lifetime.\" \/>\n<meta name=\"robots\" content=\"index, follow, max-snippet:-1, max-image-preview:large, max-video-preview:-1\" \/>\n<link rel=\"canonical\" href=\"https:\/\/flyforyou.fr\/bons-cadeaux-vol-en-helico\/\" \/>\n<meta property=\"og:locale\" content=\"en_US\" \/>\n<meta property=\"og:type\" content=\"article\" \/>\n<meta property=\"og:title\" content=\"Gift Pack | Fly For You offer a helicopter first flight\" \/>\n<meta property=\"og:description\" content=\"Discover the gift pack Fly For You. Treat your friends and family providing a helicopter flight. An experience of a lifetime.\" \/>\n<meta property=\"og:url\" content=\"https:\/\/flyforyou.fr\/bons-cadeaux-vol-en-helico\/\" \/>\n<meta property=\"og:site_name\" content=\"Fly For You\" \/>\n<meta property=\"article:publisher\" content=\"https:\/\/www.facebook.com\/flyforyourself\/\" \/>\n<meta property=\"article:modified_time\" content=\"2016-07-26T15:11:43+00:00\" \/>\n<meta name=\"twitter:card\" content=\"summary_large_image\" \/>\n<meta name=\"twitter:title\" content=\"Gift Pack | Fly For You offer a helicopter first flight\" \/>\n<meta name=\"twitter:description\" content=\"Discover the gift pack Fly For You. Treat your friends and family providing a helicopter flight. An experience of a lifetime.\" \/>\n<meta name=\"twitter:image\" content=\"http:\/\/flyforyou.fr\/wp-content\/uploads\/2016\/01\/cadeau-fly-for-you.jpg\" \/>\n<meta name=\"twitter:site\" content=\"@flyforyouTeam\" \/>\n<meta name=\"twitter:label1\" content=\"Est. reading time\" \/>\n\t<meta name=\"twitter:data1\" content=\"1 minute\" \/>\n<script type=\"application\/ld+json\" class=\"yoast-schema-graph\">{\"@context\":\"https:\/\/schema.org\",\"@graph\":[{\"@type\":\"WebPage\",\"@id\":\"https:\/\/flyforyou.fr\/bons-cadeaux-vol-en-helico\/\",\"url\":\"https:\/\/flyforyou.fr\/bons-cadeaux-vol-en-helico\/\",\"name\":\"Gift Pack | Fly For You offer a helicopter first flight\",\"isPartOf\":{\"@id\":\"https:\/\/flyforyou.fr\/#website\"},\"datePublished\":\"2016-07-20T09:40:01+00:00\",\"dateModified\":\"2016-07-26T15:11:43+00:00\",\"description\":\"Discover the gift pack Fly For You. Treat your friends and family providing a helicopter flight. An experience of a lifetime.\",\"breadcrumb\":{\"@id\":\"https:\/\/flyforyou.fr\/bons-cadeaux-vol-en-helico\/#breadcrumb\"},\"inLanguage\":\"en-US\",\"potentialAction\":[{\"@type\":\"ReadAction\",\"target\":[\"https:\/\/flyforyou.fr\/bons-cadeaux-vol-en-helico\/\"]}]},{\"@type\":\"BreadcrumbList\",\"@id\":\"https:\/\/flyforyou.fr\/bons-cadeaux-vol-en-helico\/#breadcrumb\",\"itemListElement\":[{\"@type\":\"ListItem\",\"position\":1,\"name\":\"Accueil\",\"item\":\"https:\/\/flyforyou.fr\/en\/\"},{\"@type\":\"ListItem\",\"position\":2,\"name\":\"Gift Pack\"}]},{\"@type\":\"WebSite\",\"@id\":\"https:\/\/flyforyou.fr\/#website\",\"url\":\"https:\/\/flyforyou.fr\/\",\"name\":\"Fly For You\",\"description\":\"Le sp\u00e9cialiste du bapt\u00eame h\u00e9lico\",\"publisher\":{\"@id\":\"https:\/\/flyforyou.fr\/#organization\"},\"potentialAction\":[{\"@type\":\"SearchAction\",\"target\":{\"@type\":\"EntryPoint\",\"urlTemplate\":\"https:\/\/flyforyou.fr\/?s={search_term_string}\"},\"query-input\":{\"@type\":\"PropertyValueSpecification\",\"valueRequired\":true,\"valueName\":\"search_term_string\"}}],\"inLanguage\":\"en-US\"},{\"@type\":\"Organization\",\"@id\":\"https:\/\/flyforyou.fr\/#organization\",\"name\":\"Fly For You\",\"url\":\"https:\/\/flyforyou.fr\/\",\"logo\":{\"@type\":\"ImageObject\",\"inLanguage\":\"en-US\",\"@id\":\"https:\/\/flyforyou.fr\/#\/schema\/logo\/image\/\",\"url\":\"https:\/\/flyforyou.fr\/wp-content\/uploads\/2016\/06\/logo-mail.png\",\"contentUrl\":\"https:\/\/flyforyou.fr\/wp-content\/uploads\/2016\/06\/logo-mail.png\",\"width\":350,\"height\":75,\"caption\":\"Fly For You\"},\"image\":{\"@id\":\"https:\/\/flyforyou.fr\/#\/schema\/logo\/image\/\"},\"sameAs\":[\"https:\/\/www.facebook.com\/flyforyourself\/\",\"https:\/\/x.com\/flyforyouTeam\"]}]}<\/script>\n<!-- \/ Yoast SEO plugin. -->","yoast_head_json":{"title":"Gift Pack | Fly For You offer a helicopter first flight","description":"Discover the gift pack Fly For You. Treat your friends and family providing a helicopter flight. An experience of a lifetime.","robots":{"index":"index","follow":"follow","max-snippet":"max-snippet:-1","max-image-preview":"max-image-preview:large","max-video-preview":"max-video-preview:-1"},"canonical":"https:\/\/flyforyou.fr\/bons-cadeaux-vol-en-helico\/","og_locale":"en_US","og_type":"article","og_title":"Gift Pack | Fly For You offer a helicopter first flight","og_description":"Discover the gift pack Fly For You. Treat your friends and family providing a helicopter flight. An experience of a lifetime.","og_url":"https:\/\/flyforyou.fr\/bons-cadeaux-vol-en-helico\/","og_site_name":"Fly For You","article_publisher":"https:\/\/www.facebook.com\/flyforyourself\/","article_modified_time":"2016-07-26T15:11:43+00:00","twitter_card":"summary_large_image","twitter_title":"Gift Pack | Fly For You offer a helicopter first flight","twitter_description":"Discover the gift pack Fly For You. Treat your friends and family providing a helicopter flight. An experience of a lifetime.","twitter_image":"http:\/\/flyforyou.fr\/wp-content\/uploads\/2016\/01\/cadeau-fly-for-you.jpg","twitter_site":"@flyforyouTeam","twitter_misc":{"Est. reading time":"1 minute"},"schema":{"@context":"https:\/\/schema.org","@graph":[{"@type":"WebPage","@id":"https:\/\/flyforyou.fr\/bons-cadeaux-vol-en-helico\/","url":"https:\/\/flyforyou.fr\/bons-cadeaux-vol-en-helico\/","name":"Gift Pack | Fly For You offer a helicopter first flight","isPartOf":{"@id":"https:\/\/flyforyou.fr\/#website"},"datePublished":"2016-07-20T09:40:01+00:00","dateModified":"2016-07-26T15:11:43+00:00","description":"Discover the gift pack Fly For You. Treat your friends and family providing a helicopter flight. An experience of a lifetime.","breadcrumb":{"@id":"https:\/\/flyforyou.fr\/bons-cadeaux-vol-en-helico\/#breadcrumb"},"inLanguage":"en-US","potentialAction":[{"@type":"ReadAction","target":["https:\/\/flyforyou.fr\/bons-cadeaux-vol-en-helico\/"]}]},{"@type":"BreadcrumbList","@id":"https:\/\/flyforyou.fr\/bons-cadeaux-vol-en-helico\/#breadcrumb","itemListElement":[{"@type":"ListItem","position":1,"name":"Accueil","item":"https:\/\/flyforyou.fr\/en\/"},{"@type":"ListItem","position":2,"name":"Gift Pack"}]},{"@type":"WebSite","@id":"https:\/\/flyforyou.fr\/#website","url":"https:\/\/flyforyou.fr\/","name":"Fly For You","description":"Le sp\u00e9cialiste du bapt\u00eame h\u00e9lico","publisher":{"@id":"https:\/\/flyforyou.fr\/#organization"},"potentialAction":[{"@type":"SearchAction","target":{"@type":"EntryPoint","urlTemplate":"https:\/\/flyforyou.fr\/?s={search_term_string}"},"query-input":{"@type":"PropertyValueSpecification","valueRequired":true,"valueName":"search_term_string"}}],"inLanguage":"en-US"},{"@type":"Organization","@id":"https:\/\/flyforyou.fr\/#organization","name":"Fly For You","url":"https:\/\/flyforyou.fr\/","logo":{"@type":"ImageObject","inLanguage":"en-US","@id":"https:\/\/flyforyou.fr\/#\/schema\/logo\/image\/","url":"https:\/\/flyforyou.fr\/wp-content\/uploads\/2016\/06\/logo-mail.png","contentUrl":"https:\/\/flyforyou.fr\/wp-content\/uploads\/2016\/06\/logo-mail.png","width":350,"height":75,"caption":"Fly For You"},"image":{"@id":"https:\/\/flyforyou.fr\/#\/schema\/logo\/image\/"},"sameAs":["https:\/\/www.facebook.com\/flyforyourself\/","https:\/\/x.com\/flyforyouTeam"]}]}},"publishpress_future_action":{"enabled":false,"date":"2026-04-22 00:38:26","action":"change-status","newStatus":"draft","terms":[],"taxonomy":"translation_priority","extraData":[]},"publishpress_future_workflow_manual_trigger":{"enabledWorkflows":[]},"_links":{"self":[{"href":"https:\/\/flyforyou.fr\/en\/wp-json\/wp\/v2\/pages\/2095","targetHints":{"allow":["GET"]}}],"collection":[{"href":"https:\/\/flyforyou.fr\/en\/wp-json\/wp\/v2\/pages"}],"about":[{"href":"https:\/\/flyforyou.fr\/en\/wp-json\/wp\/v2\/types\/page"}],"author":[{"embeddable":true,"href":"https:\/\/flyforyou.fr\/en\/wp-json\/wp\/v2\/users\/1"}],"replies":[{"embeddable":true,"href":"https:\/\/flyforyou.fr\/en\/wp-json\/wp\/v2\/comments?post=2095"}],"version-history":[{"count":0,"href":"https:\/\/flyforyou.fr\/en\/wp-json\/wp\/v2\/pages\/2095\/revisions"}],"wp:attachment":[{"href":"https:\/\/flyforyou.fr\/en\/wp-json\/wp\/v2\/media?parent=2095"}],"curies":[{"name":"wp","href":"https:\/\/api.w.org\/{rel}","templated":true}]}}