{"id":2125,"date":"2016-07-20T13:34:58","date_gmt":"2016-07-20T11:34:58","guid":{"rendered":"http:\/\/flyforyou.fr\/?page_id=2125&#038;lang=en"},"modified":"2016-10-14T14:31:21","modified_gmt":"2016-10-14T12:31:21","slug":"flights-first-flights","status":"publish","type":"page","link":"https:\/\/flyforyou.fr\/en\/flights-first-flights\/","title":{"rendered":"Flights \/ First Flights"},"content":{"rendered":"","protected":false},"excerpt":{"rendered":"","protected":false},"author":1,"featured_media":0,"parent":0,"menu_order":0,"comment_status":"closed","ping_status":"closed","template":"template-portfolio-masonry.php","meta":{"_acf_changed":false,"footnotes":""},"class_list":["post-2125","page","type-page","status-publish","hentry","description-off"],"acf":[],"yoast_head":"<!-- This site is optimized with the Yoast SEO plugin v27.1.1 - https:\/\/yoast.com\/product\/yoast-seo-wordpress\/ -->\n<title>List of our flights and our helicopter first flights|Fly For You<\/title>\n<meta name=\"description\" content=\"The list of our flights and our helicopter first flights in France. Fly For You, the specialist of helicopter first flight in France.\" \/>\n<meta name=\"robots\" content=\"index, follow, max-snippet:-1, max-image-preview:large, max-video-preview:-1\" \/>\n<link rel=\"canonical\" href=\"https:\/\/flyforyou.fr\/?page_id=1454\" \/>\n<meta property=\"og:locale\" content=\"en_US\" \/>\n<meta property=\"og:type\" content=\"article\" \/>\n<meta property=\"og:title\" content=\"List of our flights and our helicopter first flights|Fly For You\" \/>\n<meta property=\"og:description\" content=\"The list of our flights and our helicopter first flights in France. Fly For You, the specialist of helicopter first flight in France.\" \/>\n<meta property=\"og:url\" content=\"https:\/\/flyforyou.fr\/?page_id=1454\" \/>\n<meta property=\"og:site_name\" content=\"Fly For You\" \/>\n<meta property=\"article:publisher\" content=\"https:\/\/www.facebook.com\/flyforyourself\/\" \/>\n<meta property=\"article:modified_time\" content=\"2016-10-14T12:31:21+00:00\" \/>\n<meta name=\"twitter:card\" content=\"summary_large_image\" \/>\n<meta name=\"twitter:title\" content=\"List of our flights and our helicopter first flights|Fly For You\" \/>\n<meta name=\"twitter:description\" content=\"The list of our flights and our helicopter first flights in France. Fly For You, the specialist of helicopter first flight in France.\" \/>\n<meta name=\"twitter:image\" content=\"http:\/\/flyforyou.fr\/wp-content\/uploads\/2016\/06\/Les-Gorges-du-Verdon.jpg\" \/>\n<meta name=\"twitter:site\" content=\"@flyforyouTeam\" \/>\n<script type=\"application\/ld+json\" class=\"yoast-schema-graph\">{\"@context\":\"https:\/\/schema.org\",\"@graph\":[{\"@type\":\"WebPage\",\"@id\":\"https:\/\/flyforyou.fr\/?page_id=1454\",\"url\":\"https:\/\/flyforyou.fr\/?page_id=1454\",\"name\":\"List of our flights and our helicopter first flights|Fly For You\",\"isPartOf\":{\"@id\":\"https:\/\/flyforyou.fr\/#website\"},\"datePublished\":\"2016-07-20T11:34:58+00:00\",\"dateModified\":\"2016-10-14T12:31:21+00:00\",\"description\":\"The list of our flights and our helicopter first flights in France. Fly For You, the specialist of helicopter first flight in France.\",\"breadcrumb\":{\"@id\":\"https:\/\/flyforyou.fr\/?page_id=1454#breadcrumb\"},\"inLanguage\":\"en-US\",\"potentialAction\":[{\"@type\":\"ReadAction\",\"target\":[\"https:\/\/flyforyou.fr\/?page_id=1454\"]}]},{\"@type\":\"BreadcrumbList\",\"@id\":\"https:\/\/flyforyou.fr\/?page_id=1454#breadcrumb\",\"itemListElement\":[{\"@type\":\"ListItem\",\"position\":1,\"name\":\"Accueil\",\"item\":\"https:\/\/flyforyou.fr\/en\/\"},{\"@type\":\"ListItem\",\"position\":2,\"name\":\"Flights \/ First Flights\"}]},{\"@type\":\"WebSite\",\"@id\":\"https:\/\/flyforyou.fr\/#website\",\"url\":\"https:\/\/flyforyou.fr\/\",\"name\":\"Fly For You\",\"description\":\"Le sp\u00e9cialiste du bapt\u00eame h\u00e9lico\",\"publisher\":{\"@id\":\"https:\/\/flyforyou.fr\/#organization\"},\"potentialAction\":[{\"@type\":\"SearchAction\",\"target\":{\"@type\":\"EntryPoint\",\"urlTemplate\":\"https:\/\/flyforyou.fr\/?s={search_term_string}\"},\"query-input\":{\"@type\":\"PropertyValueSpecification\",\"valueRequired\":true,\"valueName\":\"search_term_string\"}}],\"inLanguage\":\"en-US\"},{\"@type\":\"Organization\",\"@id\":\"https:\/\/flyforyou.fr\/#organization\",\"name\":\"Fly For You\",\"url\":\"https:\/\/flyforyou.fr\/\",\"logo\":{\"@type\":\"ImageObject\",\"inLanguage\":\"en-US\",\"@id\":\"https:\/\/flyforyou.fr\/#\/schema\/logo\/image\/\",\"url\":\"https:\/\/flyforyou.fr\/wp-content\/uploads\/2016\/06\/logo-mail.png\",\"contentUrl\":\"https:\/\/flyforyou.fr\/wp-content\/uploads\/2016\/06\/logo-mail.png\",\"width\":350,\"height\":75,\"caption\":\"Fly For You\"},\"image\":{\"@id\":\"https:\/\/flyforyou.fr\/#\/schema\/logo\/image\/\"},\"sameAs\":[\"https:\/\/www.facebook.com\/flyforyourself\/\",\"https:\/\/x.com\/flyforyouTeam\"]}]}<\/script>\n<!-- \/ Yoast SEO plugin. -->","yoast_head_json":{"title":"List of our flights and our helicopter first flights|Fly For You","description":"The list of our flights and our helicopter first flights in France. Fly For You, the specialist of helicopter first flight in France.","robots":{"index":"index","follow":"follow","max-snippet":"max-snippet:-1","max-image-preview":"max-image-preview:large","max-video-preview":"max-video-preview:-1"},"canonical":"https:\/\/flyforyou.fr\/?page_id=1454","og_locale":"en_US","og_type":"article","og_title":"List of our flights and our helicopter first flights|Fly For You","og_description":"The list of our flights and our helicopter first flights in France. Fly For You, the specialist of helicopter first flight in France.","og_url":"https:\/\/flyforyou.fr\/?page_id=1454","og_site_name":"Fly For You","article_publisher":"https:\/\/www.facebook.com\/flyforyourself\/","article_modified_time":"2016-10-14T12:31:21+00:00","twitter_card":"summary_large_image","twitter_title":"List of our flights and our helicopter first flights|Fly For You","twitter_description":"The list of our flights and our helicopter first flights in France. Fly For You, the specialist of helicopter first flight in France.","twitter_image":"http:\/\/flyforyou.fr\/wp-content\/uploads\/2016\/06\/Les-Gorges-du-Verdon.jpg","twitter_site":"@flyforyouTeam","schema":{"@context":"https:\/\/schema.org","@graph":[{"@type":"WebPage","@id":"https:\/\/flyforyou.fr\/?page_id=1454","url":"https:\/\/flyforyou.fr\/?page_id=1454","name":"List of our flights and our helicopter first flights|Fly For You","isPartOf":{"@id":"https:\/\/flyforyou.fr\/#website"},"datePublished":"2016-07-20T11:34:58+00:00","dateModified":"2016-10-14T12:31:21+00:00","description":"The list of our flights and our helicopter first flights in France. Fly For You, the specialist of helicopter first flight in France.","breadcrumb":{"@id":"https:\/\/flyforyou.fr\/?page_id=1454#breadcrumb"},"inLanguage":"en-US","potentialAction":[{"@type":"ReadAction","target":["https:\/\/flyforyou.fr\/?page_id=1454"]}]},{"@type":"BreadcrumbList","@id":"https:\/\/flyforyou.fr\/?page_id=1454#breadcrumb","itemListElement":[{"@type":"ListItem","position":1,"name":"Accueil","item":"https:\/\/flyforyou.fr\/en\/"},{"@type":"ListItem","position":2,"name":"Flights \/ First Flights"}]},{"@type":"WebSite","@id":"https:\/\/flyforyou.fr\/#website","url":"https:\/\/flyforyou.fr\/","name":"Fly For You","description":"Le sp\u00e9cialiste du bapt\u00eame h\u00e9lico","publisher":{"@id":"https:\/\/flyforyou.fr\/#organization"},"potentialAction":[{"@type":"SearchAction","target":{"@type":"EntryPoint","urlTemplate":"https:\/\/flyforyou.fr\/?s={search_term_string}"},"query-input":{"@type":"PropertyValueSpecification","valueRequired":true,"valueName":"search_term_string"}}],"inLanguage":"en-US"},{"@type":"Organization","@id":"https:\/\/flyforyou.fr\/#organization","name":"Fly For You","url":"https:\/\/flyforyou.fr\/","logo":{"@type":"ImageObject","inLanguage":"en-US","@id":"https:\/\/flyforyou.fr\/#\/schema\/logo\/image\/","url":"https:\/\/flyforyou.fr\/wp-content\/uploads\/2016\/06\/logo-mail.png","contentUrl":"https:\/\/flyforyou.fr\/wp-content\/uploads\/2016\/06\/logo-mail.png","width":350,"height":75,"caption":"Fly For You"},"image":{"@id":"https:\/\/flyforyou.fr\/#\/schema\/logo\/image\/"},"sameAs":["https:\/\/www.facebook.com\/flyforyourself\/","https:\/\/x.com\/flyforyouTeam"]}]}},"publishpress_future_action":{"enabled":false,"date":"2026-04-25 10:11:52","action":"change-status","newStatus":"draft","terms":[],"taxonomy":"translation_priority","extraData":[]},"publishpress_future_workflow_manual_trigger":{"enabledWorkflows":[]},"_links":{"self":[{"href":"https:\/\/flyforyou.fr\/en\/wp-json\/wp\/v2\/pages\/2125","targetHints":{"allow":["GET"]}}],"collection":[{"href":"https:\/\/flyforyou.fr\/en\/wp-json\/wp\/v2\/pages"}],"about":[{"href":"https:\/\/flyforyou.fr\/en\/wp-json\/wp\/v2\/types\/page"}],"author":[{"embeddable":true,"href":"https:\/\/flyforyou.fr\/en\/wp-json\/wp\/v2\/users\/1"}],"replies":[{"embeddable":true,"href":"https:\/\/flyforyou.fr\/en\/wp-json\/wp\/v2\/comments?post=2125"}],"version-history":[{"count":0,"href":"https:\/\/flyforyou.fr\/en\/wp-json\/wp\/v2\/pages\/2125\/revisions"}],"wp:attachment":[{"href":"https:\/\/flyforyou.fr\/en\/wp-json\/wp\/v2\/media?parent=2125"}],"curies":[{"name":"wp","href":"https:\/\/api.w.org\/{rel}","templated":true}]}}