{"id":2136,"date":"2016-07-20T15:03:28","date_gmt":"2016-07-20T13:03:28","guid":{"rendered":"http:\/\/flyforyou.fr\/?page_id=2136&#038;lang=en"},"modified":"2016-07-20T15:46:49","modified_gmt":"2016-07-20T13:46:49","slug":"our-helicopters","status":"publish","type":"page","link":"https:\/\/flyforyou.fr\/en\/our-helicopters\/","title":{"rendered":"Our Helicopters"},"content":{"rendered":"<div class=\"wpb-content-wrapper\"><p>[vc_row margin_bottom=&#8221;-25&#8243; css=&#8221;.vc_custom_1465505585752{margin-bottom: -25px !important;}&#8221;][vc_column]<div id=\"ultimate-heading-689369d1120dcd1c7\" class=\"uvc-heading ult-adjust-bottom-margin ultimate-heading-689369d1120dcd1c7 uvc-9847  uvc-heading-default-font-sizes\" data-hspacer=\"no_spacer\"  data-halign=\"center\" style=\"text-align:center\"><div class=\"uvc-heading-spacer no_spacer\" style=\"top\"><\/div><div class=\"uvc-main-heading ult-responsive\"  data-ultimate-target='.uvc-heading.ultimate-heading-689369d1120dcd1c7 h1'  data-responsive-json-new='{\"font-size\":\"\",\"line-height\":\"\"}' ><h1 style=\"font-family:&#039;Cabin Sketch&#039;;font-weight:bold;color:#063971;\">Our Helicopters<\/h1><\/div><\/div><div class=\"ult-spacer spacer-69d1120dcd24e\" data-id=\"69d1120dcd24e\" data-height=\"12\" data-height-mobile=\"6\" data-height-tab=\"6\" data-height-tab-portrait=\"6\" data-height-mobile-landscape=\"6\" style=\"clear:both;display:block;\"><\/div>[vc_column_text]<\/p>\n<h2>History<\/h2>\n<p style=\"text-align: justify;\">A helicopter is an aircraft which propulsion and suspension are ensured by a rotary wing, usually called rotor, activated by one or several engines.<\/p>\n<p style=\"text-align: justify;\">Most of <strong>helicopters<\/strong> use only one suspension rotor and one tail rotor, some other solutions can be two inverted rotors placed on the same axis, on two converging axes, in tandem or on both sides.<\/p>\n<p style=\"text-align: justify;\">The history of <em>helicopters<\/em> starts at the beginning of the 20th Century but the progress is way slower than for planes.<\/p>\n<h3 style=\"text-align: justify;\">Use<\/h3>\n<p style=\"text-align: justify;\">The intensive use of helicopters in Algeria or in Vietnam, and the development of turbomachinery are a very important step to prove its operational capacities for militaries or civilians.<\/p>\n<p style=\"text-align: justify;\">Compared to fixed-wing aircrafts, the helicopter is made out of a more complex design: his maintenance demands more efforts, and the cost for an hour of flight is higher. Its capacity to take off and to land in narrow unprepared fields makes it indispensable for certain missions and functions despite its low battery life and speed.<\/p>\n<h2>Uses<\/h2>\n<p style=\"text-align: justify;\">The helicopter has a serious advantage over the plan : its capacity to hover (remaining stationary in the air) which allows it to reach places unattainable for the plane which has a fixed wing and must always use a runaway.<\/p>\n<p style=\"text-align: justify;\">On the other hand, the helicopter needs a much more powerful engine in order to raise from the ground, which limits its airlift capability. What makes the interest of the helicopter are its ability to take off and to land vertically, its capacity to reach narrow places and the possibility to move slowly and in all axes (particularly laterally and backwards).<\/p>\n<p style=\"text-align: justify;\">So, the helicopter has a maneuverability adapted to a certain number of specific situations.<\/p>\n<h2>Regulation<\/h2>\n<p style=\"text-align: justify;\">Helicopters are submitted to the air safety and air space management regulations.<\/p>\n<h3>France<\/h3>\n<p style=\"text-align: justify;\">In France, an exploitation license and an <strong>Air Operator&#8217;s Certificate<\/strong> (AOC) (in accordance to the decrees OPS3R10 and OPS 311) are needed in order to use helicopters for public transport. The use of helicopter containing less than three passengers on its board for local flight does not request an AOC12.<\/p>\n<h2>THE ROBINSON R44<\/h2>\n<p style=\"text-align: justify;\">The Robinson R44 is a light helicopter with a Lycoming piston engine. It has 4 seats and is produced by the Robinson Helicopter Company since 1992. Over the years, this machine has established itself with new versions: R44 Raven and R44 Raven II (2006). Thanks to its reliability and performance, it became the worldwide best seller in its category (about 714 ones sold in 2008). It also exist in police version, Clipper, equipped with floats and in a version adapted to TV broadcast, the Newscopter. A new R44 costs about 500\u00a0000\u20ac.<\/p>\n<p style=\"text-align: justify;\">The Lycoming six-cylinder engine has a cylinder capacity of 9000cm<sup>3<\/sup>. It uses 1 liter of gas per minute. The fuel used is aviation gas: \u201cAVGAS 100LL\u201d, which costs 1.90\u20ac\/L.<\/p>\n<p style=\"text-align: justify;\">The R44 is derived from a lighter version with 2 seats, commercialized a few years earlier: the Robinson R22.<\/p>\n<p style=\"text-align: justify;\"><strong>Robinson Helicopter Company<\/strong> is an American helicopter manufacturer, created in 1973. Its headquarters are located in Torrance, California. The helicopters made by Robinson are light machines: R22 (2 seats), R44 (4 seats) equipped with a piston engine, and R66, a 5-seat turbine-powered helicopter, put into service in 2010.<\/p>\n<p style=\"text-align: justify;\">With its several models, the Robinson family allowed a majority of people to reach the usally unreachable world of helicopters, while insuring a maximum safety.<\/p>\n<p style=\"text-align: justify;\">Robinson Helicopter produces the R22, R44 and R66.<\/p>\n<p>[\/vc_column_text]<div class=\"ult-spacer spacer-69d1120dcd277\" data-id=\"69d1120dcd277\" data-height=\"15\" data-height-mobile=\"7\" data-height-tab=\"7\" data-height-tab-portrait=\"7\" data-height-mobile-landscape=\"7\" style=\"clear:both;display:block;\"><\/div>[\/vc_column][\/vc_row]<\/p>\n<\/div>","protected":false},"excerpt":{"rendered":"<p>[vc_row margin_bottom=&#8221;-25&#8243; css=&#8221;.vc_custom_1465505585752{margin-bottom: -25px !important;}&#8221;][vc_column][vc_column_text] History A helicopter is an aircraft which propulsion and suspension are ensured by a rotary wing, usually called rotor, activated by one or several engines. Most of helicopters use only one suspension rotor and one tail rotor, some other solutions can be two inverted rotors placed on the same axis,&hellip;<\/p>\n","protected":false},"author":1,"featured_media":0,"parent":0,"menu_order":500,"comment_status":"closed","ping_status":"closed","template":"","meta":{"_acf_changed":false,"footnotes":""},"class_list":["post-2136","page","type-page","status-publish","hentry","description-off"],"acf":[],"yoast_head":"<!-- This site is optimized with the Yoast SEO plugin v27.1.1 - https:\/\/yoast.com\/product\/yoast-seo-wordpress\/ -->\n<title>Presentation of our helicopters : Robinson R44 | Fly For You<\/title>\n<meta name=\"description\" content=\"Helicopters use during our first flights : the Robinson R44, a perfect helicopter to discover helicopters flight feelings with Fly For You.\" \/>\n<meta name=\"robots\" content=\"index, follow, max-snippet:-1, max-image-preview:large, max-video-preview:-1\" \/>\n<link rel=\"canonical\" href=\"https:\/\/flyforyou.fr\/les-helicopteres\/\" \/>\n<meta property=\"og:locale\" content=\"en_US\" \/>\n<meta property=\"og:type\" content=\"article\" \/>\n<meta property=\"og:title\" content=\"Presentation of our helicopters : Robinson R44 | Fly For You\" \/>\n<meta property=\"og:description\" content=\"Helicopters use during our first flights : the Robinson R44, a perfect helicopter to discover helicopters flight feelings with Fly For You.\" \/>\n<meta property=\"og:url\" content=\"https:\/\/flyforyou.fr\/les-helicopteres\/\" \/>\n<meta property=\"og:site_name\" content=\"Fly For You\" \/>\n<meta property=\"article:publisher\" content=\"https:\/\/www.facebook.com\/flyforyourself\/\" \/>\n<meta property=\"article:modified_time\" content=\"2016-07-20T13:46:49+00:00\" \/>\n<meta name=\"twitter:card\" content=\"summary_large_image\" \/>\n<meta name=\"twitter:title\" content=\"Presentation of our helicopters : Robinson R44 | Fly For You\" \/>\n<meta name=\"twitter:description\" content=\"Helicopters use during our first flights : the Robinson R44, a perfect helicopter to discover helicopters flight feelings with Fly For You.\" \/>\n<meta name=\"twitter:image\" content=\"http:\/\/flyforyou.fr\/wp-content\/uploads\/2016\/05\/fly-for-you-2016-75.jpg\" \/>\n<meta name=\"twitter:site\" content=\"@flyforyouTeam\" \/>\n<meta name=\"twitter:label1\" content=\"Est. reading time\" \/>\n\t<meta name=\"twitter:data1\" content=\"3 minutes\" \/>\n<script type=\"application\/ld+json\" class=\"yoast-schema-graph\">{\"@context\":\"https:\/\/schema.org\",\"@graph\":[{\"@type\":\"WebPage\",\"@id\":\"https:\/\/flyforyou.fr\/les-helicopteres\/\",\"url\":\"https:\/\/flyforyou.fr\/les-helicopteres\/\",\"name\":\"Presentation of our helicopters : Robinson R44 | Fly For You\",\"isPartOf\":{\"@id\":\"https:\/\/flyforyou.fr\/#website\"},\"datePublished\":\"2016-07-20T13:03:28+00:00\",\"dateModified\":\"2016-07-20T13:46:49+00:00\",\"description\":\"Helicopters use during our first flights : the Robinson R44, a perfect helicopter to discover helicopters flight feelings with Fly For You.\",\"breadcrumb\":{\"@id\":\"https:\/\/flyforyou.fr\/les-helicopteres\/#breadcrumb\"},\"inLanguage\":\"en-US\",\"potentialAction\":[{\"@type\":\"ReadAction\",\"target\":[\"https:\/\/flyforyou.fr\/les-helicopteres\/\"]}]},{\"@type\":\"BreadcrumbList\",\"@id\":\"https:\/\/flyforyou.fr\/les-helicopteres\/#breadcrumb\",\"itemListElement\":[{\"@type\":\"ListItem\",\"position\":1,\"name\":\"Accueil\",\"item\":\"https:\/\/flyforyou.fr\/en\/\"},{\"@type\":\"ListItem\",\"position\":2,\"name\":\"Our Helicopters\"}]},{\"@type\":\"WebSite\",\"@id\":\"https:\/\/flyforyou.fr\/#website\",\"url\":\"https:\/\/flyforyou.fr\/\",\"name\":\"Fly For You\",\"description\":\"Le sp\u00e9cialiste du bapt\u00eame h\u00e9lico\",\"publisher\":{\"@id\":\"https:\/\/flyforyou.fr\/#organization\"},\"potentialAction\":[{\"@type\":\"SearchAction\",\"target\":{\"@type\":\"EntryPoint\",\"urlTemplate\":\"https:\/\/flyforyou.fr\/?s={search_term_string}\"},\"query-input\":{\"@type\":\"PropertyValueSpecification\",\"valueRequired\":true,\"valueName\":\"search_term_string\"}}],\"inLanguage\":\"en-US\"},{\"@type\":\"Organization\",\"@id\":\"https:\/\/flyforyou.fr\/#organization\",\"name\":\"Fly For You\",\"url\":\"https:\/\/flyforyou.fr\/\",\"logo\":{\"@type\":\"ImageObject\",\"inLanguage\":\"en-US\",\"@id\":\"https:\/\/flyforyou.fr\/#\/schema\/logo\/image\/\",\"url\":\"https:\/\/flyforyou.fr\/wp-content\/uploads\/2016\/06\/logo-mail.png\",\"contentUrl\":\"https:\/\/flyforyou.fr\/wp-content\/uploads\/2016\/06\/logo-mail.png\",\"width\":350,\"height\":75,\"caption\":\"Fly For You\"},\"image\":{\"@id\":\"https:\/\/flyforyou.fr\/#\/schema\/logo\/image\/\"},\"sameAs\":[\"https:\/\/www.facebook.com\/flyforyourself\/\",\"https:\/\/x.com\/flyforyouTeam\"]}]}<\/script>\n<!-- \/ Yoast SEO plugin. -->","yoast_head_json":{"title":"Presentation of our helicopters : Robinson R44 | Fly For You","description":"Helicopters use during our first flights : the Robinson R44, a perfect helicopter to discover helicopters flight feelings with Fly For You.","robots":{"index":"index","follow":"follow","max-snippet":"max-snippet:-1","max-image-preview":"max-image-preview:large","max-video-preview":"max-video-preview:-1"},"canonical":"https:\/\/flyforyou.fr\/les-helicopteres\/","og_locale":"en_US","og_type":"article","og_title":"Presentation of our helicopters : Robinson R44 | Fly For You","og_description":"Helicopters use during our first flights : the Robinson R44, a perfect helicopter to discover helicopters flight feelings with Fly For You.","og_url":"https:\/\/flyforyou.fr\/les-helicopteres\/","og_site_name":"Fly For You","article_publisher":"https:\/\/www.facebook.com\/flyforyourself\/","article_modified_time":"2016-07-20T13:46:49+00:00","twitter_card":"summary_large_image","twitter_title":"Presentation of our helicopters : Robinson R44 | Fly For You","twitter_description":"Helicopters use during our first flights : the Robinson R44, a perfect helicopter to discover helicopters flight feelings with Fly For You.","twitter_image":"http:\/\/flyforyou.fr\/wp-content\/uploads\/2016\/05\/fly-for-you-2016-75.jpg","twitter_site":"@flyforyouTeam","twitter_misc":{"Est. reading time":"3 minutes"},"schema":{"@context":"https:\/\/schema.org","@graph":[{"@type":"WebPage","@id":"https:\/\/flyforyou.fr\/les-helicopteres\/","url":"https:\/\/flyforyou.fr\/les-helicopteres\/","name":"Presentation of our helicopters : Robinson R44 | Fly For You","isPartOf":{"@id":"https:\/\/flyforyou.fr\/#website"},"datePublished":"2016-07-20T13:03:28+00:00","dateModified":"2016-07-20T13:46:49+00:00","description":"Helicopters use during our first flights : the Robinson R44, a perfect helicopter to discover helicopters flight feelings with Fly For You.","breadcrumb":{"@id":"https:\/\/flyforyou.fr\/les-helicopteres\/#breadcrumb"},"inLanguage":"en-US","potentialAction":[{"@type":"ReadAction","target":["https:\/\/flyforyou.fr\/les-helicopteres\/"]}]},{"@type":"BreadcrumbList","@id":"https:\/\/flyforyou.fr\/les-helicopteres\/#breadcrumb","itemListElement":[{"@type":"ListItem","position":1,"name":"Accueil","item":"https:\/\/flyforyou.fr\/en\/"},{"@type":"ListItem","position":2,"name":"Our Helicopters"}]},{"@type":"WebSite","@id":"https:\/\/flyforyou.fr\/#website","url":"https:\/\/flyforyou.fr\/","name":"Fly For You","description":"Le sp\u00e9cialiste du bapt\u00eame h\u00e9lico","publisher":{"@id":"https:\/\/flyforyou.fr\/#organization"},"potentialAction":[{"@type":"SearchAction","target":{"@type":"EntryPoint","urlTemplate":"https:\/\/flyforyou.fr\/?s={search_term_string}"},"query-input":{"@type":"PropertyValueSpecification","valueRequired":true,"valueName":"search_term_string"}}],"inLanguage":"en-US"},{"@type":"Organization","@id":"https:\/\/flyforyou.fr\/#organization","name":"Fly For You","url":"https:\/\/flyforyou.fr\/","logo":{"@type":"ImageObject","inLanguage":"en-US","@id":"https:\/\/flyforyou.fr\/#\/schema\/logo\/image\/","url":"https:\/\/flyforyou.fr\/wp-content\/uploads\/2016\/06\/logo-mail.png","contentUrl":"https:\/\/flyforyou.fr\/wp-content\/uploads\/2016\/06\/logo-mail.png","width":350,"height":75,"caption":"Fly For You"},"image":{"@id":"https:\/\/flyforyou.fr\/#\/schema\/logo\/image\/"},"sameAs":["https:\/\/www.facebook.com\/flyforyourself\/","https:\/\/x.com\/flyforyouTeam"]}]}},"publishpress_future_action":{"enabled":false,"date":"2026-04-11 15:28:45","action":"change-status","newStatus":"draft","terms":[],"taxonomy":"translation_priority","extraData":[]},"publishpress_future_workflow_manual_trigger":{"enabledWorkflows":[]},"_links":{"self":[{"href":"https:\/\/flyforyou.fr\/en\/wp-json\/wp\/v2\/pages\/2136","targetHints":{"allow":["GET"]}}],"collection":[{"href":"https:\/\/flyforyou.fr\/en\/wp-json\/wp\/v2\/pages"}],"about":[{"href":"https:\/\/flyforyou.fr\/en\/wp-json\/wp\/v2\/types\/page"}],"author":[{"embeddable":true,"href":"https:\/\/flyforyou.fr\/en\/wp-json\/wp\/v2\/users\/1"}],"replies":[{"embeddable":true,"href":"https:\/\/flyforyou.fr\/en\/wp-json\/wp\/v2\/comments?post=2136"}],"version-history":[{"count":0,"href":"https:\/\/flyforyou.fr\/en\/wp-json\/wp\/v2\/pages\/2136\/revisions"}],"wp:attachment":[{"href":"https:\/\/flyforyou.fr\/en\/wp-json\/wp\/v2\/media?parent=2136"}],"curies":[{"name":"wp","href":"https:\/\/api.w.org\/{rel}","templated":true}]}}