{"id":2147,"date":"2016-07-20T15:52:11","date_gmt":"2016-07-20T13:52:11","guid":{"rendered":"http:\/\/flyforyou.fr\/?page_id=2147&#038;lang=en"},"modified":"2016-07-20T15:57:27","modified_gmt":"2016-07-20T13:57:27","slug":"legal-notices","status":"publish","type":"page","link":"https:\/\/flyforyou.fr\/en\/legal-notices\/","title":{"rendered":"Legal Notices"},"content":{"rendered":"<div class=\"wpb-content-wrapper\"><p>[vc_row][vc_column][vc_column_text]<\/p>\n<h2 style=\"text-align: justify;\">SITE \u00c9DIT\u00c9 PAR<\/h2>\n<p style=\"text-align: justify;\">JL Consulting Web &#8211; <a href=\"http:\/\/www.consulting-web.com\">Agence Web \u00e0 Saint-Etienne<\/a><\/p>\n<p style=\"text-align: justify;\">Directeur de la publication : Thibault et B\u00e9n\u00e9dicte PASTEUR<\/p>\n<p style=\"text-align: justify;\">79263678900010 RCS Grenoble<\/p>\n<p style=\"text-align: justify;\"><strong>INFORMATIONS LEGALES<\/strong><\/p>\n<p style=\"text-align: justify;\">Les informations communiqu\u00e9es sur le site sont fournies \u00e0 titre indicatif, elles sont non contractuelles et ne sauraient engager la responsabilit\u00e9 de SARL. Elles peuvent \u00eatre modifi\u00e9es ou mises \u00e0 jour sans pr\u00e9avis. SARL se r\u00e9serve \u00e9galement le droit, \u00e0 tout moment et sans pr\u00e9avis, d\u2019apporter des am\u00e9liorations et\/ou modifications au site.<\/p>\n<p style=\"text-align: justify;\">La responsabilit\u00e9 de SARL ne saurait \u00eatre engag\u00e9e pour les dommages de toute nature, directs ou indirects, r\u00e9sultant de l\u2019utilisation du site et notamment toute perte d\u2019exploitation, perte financi\u00e8re ou commerciale, perte de programmes et\/ou de donn\u00e9es en particulier dans le syst\u00e8me d\u2019information de l\u2019utilisateur du site, les dommages de toute nature, directs ou indirects, r\u00e9sultant du contenu et\/ou de l\u2019utilisation des sites Internet li\u00e9s au site ou auxquels les utilisateurs pourraient avoir acc\u00e8s via le site, l\u2019impossibilit\u00e9 d\u2019acc\u00e9der au site et\/ou \u00e0 l\u2019un des sites Internet lui \u00e9tant li\u00e9, les omissions et\/ou erreurs que pourrait contenir le site.<\/p>\n<p style=\"text-align: justify;\"><strong>HEBERGEMENT<\/strong><\/p>\n<p style=\"text-align: justify;\">Le site est h\u00e9berg\u00e9 par Claranet, Soci\u00e9t\u00e9 par actions simplifi\u00e9e \u00e0 associ\u00e9 unique, au capital de 1.400.000,00 Euro, dont le si\u00e8ge social est situ\u00e9 au 18 rue du faubourg du temple, 75011 Paris, France, immatricul\u00e9e au RCS de Paris sous le num\u00e9ro B 419 632 286.<\/p>\n<p style=\"text-align: justify;\"><strong>FORMULAIRES DE COLLECTE DE DONNEES PERSONNELLES<\/strong><\/p>\n<p style=\"text-align: justify;\">Les informations recueillies font l\u2019objet d\u2019un traitement informatique destin\u00e9 \u00e0 \u00e0 la gestion, au sein de notre soci\u00e9t\u00e9, du fichier clients\/prospects.<\/p>\n<p style=\"text-align: justify;\">Les donn\u00e9es collect\u00e9es sur ce site sont \u00e0 l&#8217;usage exclusif de SARL. Ces donn\u00e9es sont \u00e0 destination de l&#8217;ensemble des services de la soci\u00e9t\u00e9 impliqu\u00e9s dans la relation commerciale et dans la fourniture du\/des service(s) et\/ou du\/des produit(s).<\/p>\n<p style=\"text-align: justify;\">Conform\u00e9ment \u00e0 la loi \u00ab Informatique et libert\u00e9s \u00bb du 6 janvier 1978 modifi\u00e9e en 2004, vous b\u00e9n\u00e9ficiez d\u2019un droit d\u2019acc\u00e8s et de rectification aux informations qui vous concernent, que vous pouvez exercer en vous adressant \u00e0<\/p>\n<p style=\"text-align: justify;\">SARL<\/p>\n<p style=\"text-align: justify;\">Vous pouvez \u00e9galement, pour des motifs l\u00e9gitimes, vous opposer au traitement des donn\u00e9es vous concernant.<\/p>\n<p style=\"text-align: justify;\"><strong>COOKIES<\/strong><\/p>\n<p style=\"text-align: justify;\">Ce site utilise des cookies qui sont des fichiers stock\u00e9s sur votre ordinateur permettant une facilit\u00e9 d&#8217;acc\u00e8s aux services propos\u00e9s. En aucun cas, les cookies de ce site ne pourront servir \u00e0 collecter des donn\u00e9es personnelles sans votre accord expr\u00e8s. Ces informations ne seront pas transmises en dehors de SARL. Nous vous informons que vous pouvez vous opposer \u00e0 l&#8217;enregistrement de ces cookies en configurant votre ordinateur selon les modalit\u00e9s d\u00e9taill\u00e9es sur le site : <a href=\"http:\/\/www.cnil.fr\/\" target=\"_blank\">www.cnil.fr<\/a><\/p>\n<p>[\/vc_column_text][\/vc_column][\/vc_row]<\/p>\n<\/div>","protected":false},"excerpt":{"rendered":"<p>[vc_row][vc_column][vc_column_text] SITE \u00c9DIT\u00c9 PAR JL Consulting Web &#8211; Agence Web \u00e0 Saint-Etienne Directeur de la publication : Thibault et B\u00e9n\u00e9dicte PASTEUR 79263678900010 RCS Grenoble INFORMATIONS LEGALES Les informations communiqu\u00e9es sur le site sont fournies \u00e0 titre indicatif, elles sont non contractuelles et ne sauraient engager la responsabilit\u00e9 de SARL. Elles peuvent \u00eatre modifi\u00e9es ou mises&hellip;<\/p>\n","protected":false},"author":1,"featured_media":0,"parent":0,"menu_order":600,"comment_status":"closed","ping_status":"closed","template":"","meta":{"_acf_changed":false,"footnotes":""},"class_list":["post-2147","page","type-page","status-publish","hentry","description-off"],"acf":[],"yoast_head":"<!-- This site is optimized with the Yoast SEO plugin v27.1.1 - https:\/\/yoast.com\/product\/yoast-seo-wordpress\/ -->\n<title>Legal Notices Fly For You | Specialist Helicopter first flights<\/title>\n<meta name=\"description\" content=\"Legal Notices of website Fly For You\" \/>\n<meta name=\"robots\" content=\"index, follow, max-snippet:-1, max-image-preview:large, max-video-preview:-1\" \/>\n<link rel=\"canonical\" href=\"https:\/\/flyforyou.fr\/mentions-legales\/\" \/>\n<meta property=\"og:locale\" content=\"en_US\" \/>\n<meta property=\"og:type\" content=\"article\" \/>\n<meta property=\"og:title\" content=\"Legal Notices Fly For You | Specialist Helicopter first flights\" \/>\n<meta property=\"og:description\" content=\"Legal Notices of website Fly For You\" \/>\n<meta property=\"og:url\" content=\"https:\/\/flyforyou.fr\/mentions-legales\/\" \/>\n<meta property=\"og:site_name\" content=\"Fly For You\" \/>\n<meta property=\"article:publisher\" content=\"https:\/\/www.facebook.com\/flyforyourself\/\" \/>\n<meta property=\"article:modified_time\" content=\"2016-07-20T13:57:27+00:00\" \/>\n<meta name=\"twitter:card\" content=\"summary_large_image\" \/>\n<meta name=\"twitter:title\" content=\"Legal Notices Fly For You | Specialist Helicopter first flights\" \/>\n<meta name=\"twitter:description\" content=\"Legal Notices of website Fly For You\" \/>\n<meta name=\"twitter:image\" content=\"http:\/\/flyforyou.fr\/wp-content\/uploads\/2016\/05\/fly-for-you-2016-6.jpg\" \/>\n<meta name=\"twitter:site\" content=\"@flyforyouTeam\" \/>\n<meta name=\"twitter:label1\" content=\"Est. reading time\" \/>\n\t<meta name=\"twitter:data1\" content=\"2 minutes\" \/>\n<script type=\"application\/ld+json\" class=\"yoast-schema-graph\">{\"@context\":\"https:\/\/schema.org\",\"@graph\":[{\"@type\":\"WebPage\",\"@id\":\"https:\/\/flyforyou.fr\/mentions-legales\/\",\"url\":\"https:\/\/flyforyou.fr\/mentions-legales\/\",\"name\":\"Legal Notices Fly For You | Specialist Helicopter first flights\",\"isPartOf\":{\"@id\":\"https:\/\/flyforyou.fr\/#website\"},\"datePublished\":\"2016-07-20T13:52:11+00:00\",\"dateModified\":\"2016-07-20T13:57:27+00:00\",\"description\":\"Legal Notices of website Fly For You\",\"breadcrumb\":{\"@id\":\"https:\/\/flyforyou.fr\/mentions-legales\/#breadcrumb\"},\"inLanguage\":\"en-US\",\"potentialAction\":[{\"@type\":\"ReadAction\",\"target\":[\"https:\/\/flyforyou.fr\/mentions-legales\/\"]}]},{\"@type\":\"BreadcrumbList\",\"@id\":\"https:\/\/flyforyou.fr\/mentions-legales\/#breadcrumb\",\"itemListElement\":[{\"@type\":\"ListItem\",\"position\":1,\"name\":\"Accueil\",\"item\":\"https:\/\/flyforyou.fr\/en\/\"},{\"@type\":\"ListItem\",\"position\":2,\"name\":\"Legal Notices\"}]},{\"@type\":\"WebSite\",\"@id\":\"https:\/\/flyforyou.fr\/#website\",\"url\":\"https:\/\/flyforyou.fr\/\",\"name\":\"Fly For You\",\"description\":\"Le sp\u00e9cialiste du bapt\u00eame h\u00e9lico\",\"publisher\":{\"@id\":\"https:\/\/flyforyou.fr\/#organization\"},\"potentialAction\":[{\"@type\":\"SearchAction\",\"target\":{\"@type\":\"EntryPoint\",\"urlTemplate\":\"https:\/\/flyforyou.fr\/?s={search_term_string}\"},\"query-input\":{\"@type\":\"PropertyValueSpecification\",\"valueRequired\":true,\"valueName\":\"search_term_string\"}}],\"inLanguage\":\"en-US\"},{\"@type\":\"Organization\",\"@id\":\"https:\/\/flyforyou.fr\/#organization\",\"name\":\"Fly For You\",\"url\":\"https:\/\/flyforyou.fr\/\",\"logo\":{\"@type\":\"ImageObject\",\"inLanguage\":\"en-US\",\"@id\":\"https:\/\/flyforyou.fr\/#\/schema\/logo\/image\/\",\"url\":\"https:\/\/flyforyou.fr\/wp-content\/uploads\/2016\/06\/logo-mail.png\",\"contentUrl\":\"https:\/\/flyforyou.fr\/wp-content\/uploads\/2016\/06\/logo-mail.png\",\"width\":350,\"height\":75,\"caption\":\"Fly For You\"},\"image\":{\"@id\":\"https:\/\/flyforyou.fr\/#\/schema\/logo\/image\/\"},\"sameAs\":[\"https:\/\/www.facebook.com\/flyforyourself\/\",\"https:\/\/x.com\/flyforyouTeam\"]}]}<\/script>\n<!-- \/ Yoast SEO plugin. -->","yoast_head_json":{"title":"Legal Notices Fly For You | Specialist Helicopter first flights","description":"Legal Notices of website Fly For You","robots":{"index":"index","follow":"follow","max-snippet":"max-snippet:-1","max-image-preview":"max-image-preview:large","max-video-preview":"max-video-preview:-1"},"canonical":"https:\/\/flyforyou.fr\/mentions-legales\/","og_locale":"en_US","og_type":"article","og_title":"Legal Notices Fly For You | Specialist Helicopter first flights","og_description":"Legal Notices of website Fly For You","og_url":"https:\/\/flyforyou.fr\/mentions-legales\/","og_site_name":"Fly For You","article_publisher":"https:\/\/www.facebook.com\/flyforyourself\/","article_modified_time":"2016-07-20T13:57:27+00:00","twitter_card":"summary_large_image","twitter_title":"Legal Notices Fly For You | Specialist Helicopter first flights","twitter_description":"Legal Notices of website Fly For You","twitter_image":"http:\/\/flyforyou.fr\/wp-content\/uploads\/2016\/05\/fly-for-you-2016-6.jpg","twitter_site":"@flyforyouTeam","twitter_misc":{"Est. reading time":"2 minutes"},"schema":{"@context":"https:\/\/schema.org","@graph":[{"@type":"WebPage","@id":"https:\/\/flyforyou.fr\/mentions-legales\/","url":"https:\/\/flyforyou.fr\/mentions-legales\/","name":"Legal Notices Fly For You | Specialist Helicopter first flights","isPartOf":{"@id":"https:\/\/flyforyou.fr\/#website"},"datePublished":"2016-07-20T13:52:11+00:00","dateModified":"2016-07-20T13:57:27+00:00","description":"Legal Notices of website Fly For You","breadcrumb":{"@id":"https:\/\/flyforyou.fr\/mentions-legales\/#breadcrumb"},"inLanguage":"en-US","potentialAction":[{"@type":"ReadAction","target":["https:\/\/flyforyou.fr\/mentions-legales\/"]}]},{"@type":"BreadcrumbList","@id":"https:\/\/flyforyou.fr\/mentions-legales\/#breadcrumb","itemListElement":[{"@type":"ListItem","position":1,"name":"Accueil","item":"https:\/\/flyforyou.fr\/en\/"},{"@type":"ListItem","position":2,"name":"Legal Notices"}]},{"@type":"WebSite","@id":"https:\/\/flyforyou.fr\/#website","url":"https:\/\/flyforyou.fr\/","name":"Fly For You","description":"Le sp\u00e9cialiste du bapt\u00eame h\u00e9lico","publisher":{"@id":"https:\/\/flyforyou.fr\/#organization"},"potentialAction":[{"@type":"SearchAction","target":{"@type":"EntryPoint","urlTemplate":"https:\/\/flyforyou.fr\/?s={search_term_string}"},"query-input":{"@type":"PropertyValueSpecification","valueRequired":true,"valueName":"search_term_string"}}],"inLanguage":"en-US"},{"@type":"Organization","@id":"https:\/\/flyforyou.fr\/#organization","name":"Fly For You","url":"https:\/\/flyforyou.fr\/","logo":{"@type":"ImageObject","inLanguage":"en-US","@id":"https:\/\/flyforyou.fr\/#\/schema\/logo\/image\/","url":"https:\/\/flyforyou.fr\/wp-content\/uploads\/2016\/06\/logo-mail.png","contentUrl":"https:\/\/flyforyou.fr\/wp-content\/uploads\/2016\/06\/logo-mail.png","width":350,"height":75,"caption":"Fly For You"},"image":{"@id":"https:\/\/flyforyou.fr\/#\/schema\/logo\/image\/"},"sameAs":["https:\/\/www.facebook.com\/flyforyourself\/","https:\/\/x.com\/flyforyouTeam"]}]}},"publishpress_future_action":{"enabled":false,"date":"2026-05-08 02:06:43","action":"change-status","newStatus":"draft","terms":[],"taxonomy":"translation_priority","extraData":[]},"publishpress_future_workflow_manual_trigger":{"enabledWorkflows":[]},"_links":{"self":[{"href":"https:\/\/flyforyou.fr\/en\/wp-json\/wp\/v2\/pages\/2147","targetHints":{"allow":["GET"]}}],"collection":[{"href":"https:\/\/flyforyou.fr\/en\/wp-json\/wp\/v2\/pages"}],"about":[{"href":"https:\/\/flyforyou.fr\/en\/wp-json\/wp\/v2\/types\/page"}],"author":[{"embeddable":true,"href":"https:\/\/flyforyou.fr\/en\/wp-json\/wp\/v2\/users\/1"}],"replies":[{"embeddable":true,"href":"https:\/\/flyforyou.fr\/en\/wp-json\/wp\/v2\/comments?post=2147"}],"version-history":[{"count":0,"href":"https:\/\/flyforyou.fr\/en\/wp-json\/wp\/v2\/pages\/2147\/revisions"}],"wp:attachment":[{"href":"https:\/\/flyforyou.fr\/en\/wp-json\/wp\/v2\/media?parent=2147"}],"curies":[{"name":"wp","href":"https:\/\/api.w.org\/{rel}","templated":true}]}}