{"id":2794,"date":"2016-11-10T15:48:53","date_gmt":"2016-11-10T14:48:53","guid":{"rendered":"http:\/\/flyforyou.fr\/en\/?page_id=2794"},"modified":"2016-11-10T15:48:53","modified_gmt":"2016-11-10T14:48:53","slug":"image-gallery","status":"publish","type":"page","link":"https:\/\/flyforyou.fr\/en\/image-gallery\/","title":{"rendered":"Image gallery"},"content":{"rendered":"","protected":false},"excerpt":{"rendered":"","protected":false},"author":1,"featured_media":0,"parent":0,"menu_order":0,"comment_status":"closed","ping_status":"closed","template":"template-media.php","meta":{"_acf_changed":false,"footnotes":""},"class_list":["post-2794","page","type-page","status-publish","hentry","description-off"],"acf":[],"yoast_head":"<!-- This site is optimized with the Yoast SEO plugin v27.1.1 - https:\/\/yoast.com\/product\/yoast-seo-wordpress\/ -->\n<title>Image gallery | Fly For You<\/title>\n<meta name=\"robots\" content=\"index, follow, max-snippet:-1, max-image-preview:large, max-video-preview:-1\" \/>\n<link rel=\"canonical\" href=\"https:\/\/flyforyou.fr\/en\/image-gallery\/\" \/>\n<meta property=\"og:locale\" content=\"en_US\" \/>\n<meta property=\"og:type\" content=\"article\" \/>\n<meta property=\"og:title\" content=\"Image gallery | Fly For You\" \/>\n<meta property=\"og:url\" content=\"https:\/\/flyforyou.fr\/en\/image-gallery\/\" \/>\n<meta property=\"og:site_name\" content=\"Fly For You\" \/>\n<meta property=\"article:publisher\" content=\"https:\/\/www.facebook.com\/flyforyourself\/\" \/>\n<meta name=\"twitter:card\" content=\"summary_large_image\" \/>\n<meta name=\"twitter:site\" content=\"@flyforyouTeam\" \/>\n<script type=\"application\/ld+json\" class=\"yoast-schema-graph\">{\"@context\":\"https:\/\/schema.org\",\"@graph\":[{\"@type\":\"WebPage\",\"@id\":\"https:\/\/flyforyou.fr\/en\/image-gallery\/\",\"url\":\"https:\/\/flyforyou.fr\/en\/image-gallery\/\",\"name\":\"Image gallery | Fly For You\",\"isPartOf\":{\"@id\":\"https:\/\/flyforyou.fr\/#website\"},\"datePublished\":\"2016-11-10T14:48:53+00:00\",\"breadcrumb\":{\"@id\":\"https:\/\/flyforyou.fr\/en\/image-gallery\/#breadcrumb\"},\"inLanguage\":\"en-US\",\"potentialAction\":[{\"@type\":\"ReadAction\",\"target\":[\"https:\/\/flyforyou.fr\/en\/image-gallery\/\"]}]},{\"@type\":\"BreadcrumbList\",\"@id\":\"https:\/\/flyforyou.fr\/en\/image-gallery\/#breadcrumb\",\"itemListElement\":[{\"@type\":\"ListItem\",\"position\":1,\"name\":\"Accueil\",\"item\":\"https:\/\/flyforyou.fr\/en\/\"},{\"@type\":\"ListItem\",\"position\":2,\"name\":\"Image gallery\"}]},{\"@type\":\"WebSite\",\"@id\":\"https:\/\/flyforyou.fr\/#website\",\"url\":\"https:\/\/flyforyou.fr\/\",\"name\":\"Fly For You\",\"description\":\"Le sp\u00e9cialiste du bapt\u00eame h\u00e9lico\",\"publisher\":{\"@id\":\"https:\/\/flyforyou.fr\/#organization\"},\"potentialAction\":[{\"@type\":\"SearchAction\",\"target\":{\"@type\":\"EntryPoint\",\"urlTemplate\":\"https:\/\/flyforyou.fr\/?s={search_term_string}\"},\"query-input\":{\"@type\":\"PropertyValueSpecification\",\"valueRequired\":true,\"valueName\":\"search_term_string\"}}],\"inLanguage\":\"en-US\"},{\"@type\":\"Organization\",\"@id\":\"https:\/\/flyforyou.fr\/#organization\",\"name\":\"Fly For You\",\"url\":\"https:\/\/flyforyou.fr\/\",\"logo\":{\"@type\":\"ImageObject\",\"inLanguage\":\"en-US\",\"@id\":\"https:\/\/flyforyou.fr\/#\/schema\/logo\/image\/\",\"url\":\"https:\/\/flyforyou.fr\/wp-content\/uploads\/2016\/06\/logo-mail.png\",\"contentUrl\":\"https:\/\/flyforyou.fr\/wp-content\/uploads\/2016\/06\/logo-mail.png\",\"width\":350,\"height\":75,\"caption\":\"Fly For You\"},\"image\":{\"@id\":\"https:\/\/flyforyou.fr\/#\/schema\/logo\/image\/\"},\"sameAs\":[\"https:\/\/www.facebook.com\/flyforyourself\/\",\"https:\/\/x.com\/flyforyouTeam\"]}]}<\/script>\n<!-- \/ Yoast SEO plugin. -->","yoast_head_json":{"title":"Image gallery | Fly For You","robots":{"index":"index","follow":"follow","max-snippet":"max-snippet:-1","max-image-preview":"max-image-preview:large","max-video-preview":"max-video-preview:-1"},"canonical":"https:\/\/flyforyou.fr\/en\/image-gallery\/","og_locale":"en_US","og_type":"article","og_title":"Image gallery | Fly For You","og_url":"https:\/\/flyforyou.fr\/en\/image-gallery\/","og_site_name":"Fly For You","article_publisher":"https:\/\/www.facebook.com\/flyforyourself\/","twitter_card":"summary_large_image","twitter_site":"@flyforyouTeam","schema":{"@context":"https:\/\/schema.org","@graph":[{"@type":"WebPage","@id":"https:\/\/flyforyou.fr\/en\/image-gallery\/","url":"https:\/\/flyforyou.fr\/en\/image-gallery\/","name":"Image gallery | Fly For You","isPartOf":{"@id":"https:\/\/flyforyou.fr\/#website"},"datePublished":"2016-11-10T14:48:53+00:00","breadcrumb":{"@id":"https:\/\/flyforyou.fr\/en\/image-gallery\/#breadcrumb"},"inLanguage":"en-US","potentialAction":[{"@type":"ReadAction","target":["https:\/\/flyforyou.fr\/en\/image-gallery\/"]}]},{"@type":"BreadcrumbList","@id":"https:\/\/flyforyou.fr\/en\/image-gallery\/#breadcrumb","itemListElement":[{"@type":"ListItem","position":1,"name":"Accueil","item":"https:\/\/flyforyou.fr\/en\/"},{"@type":"ListItem","position":2,"name":"Image gallery"}]},{"@type":"WebSite","@id":"https:\/\/flyforyou.fr\/#website","url":"https:\/\/flyforyou.fr\/","name":"Fly For You","description":"Le sp\u00e9cialiste du bapt\u00eame h\u00e9lico","publisher":{"@id":"https:\/\/flyforyou.fr\/#organization"},"potentialAction":[{"@type":"SearchAction","target":{"@type":"EntryPoint","urlTemplate":"https:\/\/flyforyou.fr\/?s={search_term_string}"},"query-input":{"@type":"PropertyValueSpecification","valueRequired":true,"valueName":"search_term_string"}}],"inLanguage":"en-US"},{"@type":"Organization","@id":"https:\/\/flyforyou.fr\/#organization","name":"Fly For You","url":"https:\/\/flyforyou.fr\/","logo":{"@type":"ImageObject","inLanguage":"en-US","@id":"https:\/\/flyforyou.fr\/#\/schema\/logo\/image\/","url":"https:\/\/flyforyou.fr\/wp-content\/uploads\/2016\/06\/logo-mail.png","contentUrl":"https:\/\/flyforyou.fr\/wp-content\/uploads\/2016\/06\/logo-mail.png","width":350,"height":75,"caption":"Fly For You"},"image":{"@id":"https:\/\/flyforyou.fr\/#\/schema\/logo\/image\/"},"sameAs":["https:\/\/www.facebook.com\/flyforyourself\/","https:\/\/x.com\/flyforyouTeam"]}]}},"publishpress_future_action":{"enabled":false,"date":"2026-04-21 10:37:15","action":"change-status","newStatus":"draft","terms":[],"taxonomy":"translation_priority","extraData":[]},"publishpress_future_workflow_manual_trigger":{"enabledWorkflows":[]},"_links":{"self":[{"href":"https:\/\/flyforyou.fr\/en\/wp-json\/wp\/v2\/pages\/2794","targetHints":{"allow":["GET"]}}],"collection":[{"href":"https:\/\/flyforyou.fr\/en\/wp-json\/wp\/v2\/pages"}],"about":[{"href":"https:\/\/flyforyou.fr\/en\/wp-json\/wp\/v2\/types\/page"}],"author":[{"embeddable":true,"href":"https:\/\/flyforyou.fr\/en\/wp-json\/wp\/v2\/users\/1"}],"replies":[{"embeddable":true,"href":"https:\/\/flyforyou.fr\/en\/wp-json\/wp\/v2\/comments?post=2794"}],"version-history":[{"count":0,"href":"https:\/\/flyforyou.fr\/en\/wp-json\/wp\/v2\/pages\/2794\/revisions"}],"wp:attachment":[{"href":"https:\/\/flyforyou.fr\/en\/wp-json\/wp\/v2\/media?parent=2794"}],"curies":[{"name":"wp","href":"https:\/\/api.w.org\/{rel}","templated":true}]}}