{"id":3286,"date":"2017-03-17T10:19:25","date_gmt":"2017-03-17T09:19:25","guid":{"rendered":"http:\/\/flyforyou.fr\/en\/planning\/"},"modified":"2017-03-17T13:21:52","modified_gmt":"2017-03-17T12:21:52","slug":"flights-schedule","status":"publish","type":"page","link":"https:\/\/flyforyou.fr\/en\/flights-schedule\/","title":{"rendered":"Flights schedule"},"content":{"rendered":"<div class=\"wpb-content-wrapper\"><p>[vc_row type=&#8221;vc_default&#8221; css=&#8221;.vc_custom_1489742686921{margin-top: -30px !important;margin-bottom: 30px !important;}&#8221;][vc_column width=&#8221;1\/2&#8243; css=&#8221;.vc_custom_1489742474320{margin-right: 10px !important;}&#8221;]<div id=\"ultimate-heading-154369e0fabf950de\" class=\"uvc-heading ult-adjust-bottom-margin ultimate-heading-154369e0fabf950de uvc-6630  uvc-heading-default-font-sizes\" data-hspacer=\"no_spacer\"  data-halign=\"center\" style=\"text-align:center\"><div class=\"uvc-heading-spacer no_spacer\" style=\"top\"><\/div><div class=\"uvc-main-heading ult-responsive\"  data-ultimate-target='.uvc-heading.ultimate-heading-154369e0fabf950de h2'  data-responsive-json-new='{\"font-size\":\"\",\"line-height\":\"\"}' ><h2 style=\"font-family:&#039;Cabin Sketch&#039;;font-weight:bold;color:#063971;\">Schedule of our next flights<\/h2><\/div><\/div><div class=\"ult-spacer spacer-69e0fabf9515a\" data-id=\"69e0fabf9515a\" data-height=\"15\" data-height-mobile=\"7\" data-height-tab=\"7\" data-height-tab-portrait=\"7\" data-height-mobile-landscape=\"7\" style=\"clear:both;display:block;\"><\/div>[vc_widget_sidebar sidebar_id=&#8221;sidebar_4&#8243;][\/vc_column][vc_column width=&#8221;1\/2&#8243;]<div id=\"ultimate-heading-131469e0fabf95190\" class=\"uvc-heading ult-adjust-bottom-margin ultimate-heading-131469e0fabf95190 uvc-9844  uvc-heading-default-font-sizes\" data-hspacer=\"no_spacer\"  data-halign=\"center\" style=\"text-align:center\"><div class=\"uvc-heading-spacer no_spacer\" style=\"top\"><\/div><div class=\"uvc-main-heading ult-responsive\"  data-ultimate-target='.uvc-heading.ultimate-heading-131469e0fabf95190 h2'  data-responsive-json-new='{\"font-size\":\"\",\"line-height\":\"\"}' ><h2 style=\"font-family:&#039;Cabin Sketch&#039;;font-weight:bold;color:#063971;\">Our YouTube videos<\/h2><\/div><\/div><div class=\"ult-spacer spacer-69e0fabf951d6\" data-id=\"69e0fabf951d6\" data-height=\"15\" data-height-mobile=\"7\" data-height-tab=\"7\" data-height-tab-portrait=\"7\" data-height-mobile-landscape=\"7\" style=\"clear:both;display:block;\"><\/div>[vc_video link=&#8221;https:\/\/www.youtube.com\/watch?v=7vdqoSW1I9U&#8221; align=&#8221;center&#8221;][\/vc_column][\/vc_row][vc_row][vc_column]<div id=\"ultimate-heading-208969e0fabf95202\" class=\"uvc-heading ult-adjust-bottom-margin ultimate-heading-208969e0fabf95202 uvc-9392  uvc-heading-default-font-sizes\" data-hspacer=\"no_spacer\"  data-halign=\"center\" style=\"text-align:center\"><div class=\"uvc-heading-spacer no_spacer\" style=\"top\"><\/div><div class=\"uvc-main-heading ult-responsive\"  data-ultimate-target='.uvc-heading.ultimate-heading-208969e0fabf95202 h2'  data-responsive-json-new='{\"font-size\":\"\",\"line-height\":\"\"}' ><h2 style=\"font-family:&#039;Cabin Sketch&#039;;font-weight:bold;color:#063971;\">Last scheduled flights<\/h2><\/div><\/div><div class=\"ult-spacer spacer-69e0fabf95248\" data-id=\"69e0fabf95248\" data-height=\"15\" data-height-mobile=\"7\" data-height-tab=\"7\" data-height-tab-portrait=\"7\" data-height-mobile-landscape=\"7\" style=\"clear:both;display:block;\"><\/div>[vc_widget_sidebar sidebar_id=&#8221;sidebar_5&#8243; el_class=&#8221;planning&#8221;][\/vc_column][\/vc_row][vc_row][vc_column]<div id=\"ultimate-heading-8469e0fabf95273\" class=\"uvc-heading ult-adjust-bottom-margin ultimate-heading-8469e0fabf95273 uvc-6678  uvc-heading-default-font-sizes\" data-hspacer=\"no_spacer\"  data-halign=\"center\" style=\"text-align:center\"><div class=\"uvc-heading-spacer no_spacer\" style=\"top\"><\/div><div class=\"uvc-main-heading ult-responsive\"  data-ultimate-target='.uvc-heading.ultimate-heading-8469e0fabf95273 h2'  data-responsive-json-new='{\"font-size\":\"\",\"line-height\":\"\"}' ><h2 style=\"font-family:&#039;Cabin Sketch&#039;;font-weight:bold;color:#063971;\">Location of our next flights<\/h2><\/div><\/div><div class=\"ult-spacer spacer-69e0fabf952b1\" data-id=\"69e0fabf952b1\" data-height=\"15\" data-height-mobile=\"7\" data-height-tab=\"7\" data-height-tab-portrait=\"7\" data-height-mobile-landscape=\"7\" style=\"clear:both;display:block;\"><\/div>[vc_column_text][wpgmza id=&#8221;1&#8243;][\/vc_column_text][\/vc_column][\/vc_row][vc_row margin_top=&#8221;-50&#8243; margin_bottom=&#8221;-75&#8243; css=&#8221;.vc_custom_1465506559991{margin-bottom: -50px !important;}&#8221;][vc_column width=&#8221;1\/2&#8243; animation=&#8221;fadeIn&#8221; css=&#8221;.vc_custom_1478163246937{margin-right: 10px !important;}&#8221;]<div id=\"ultimate-heading-862869e0fabf952da\" class=\"uvc-heading ult-adjust-bottom-margin ultimate-heading-862869e0fabf952da uvc-1778  uvc-heading-default-font-sizes\" data-hspacer=\"no_spacer\"  data-halign=\"center\" style=\"text-align:center\"><div class=\"uvc-heading-spacer no_spacer\" style=\"top\"><\/div><div class=\"uvc-main-heading ult-responsive\"  data-ultimate-target='.uvc-heading.ultimate-heading-862869e0fabf952da h3'  data-responsive-json-new='{\"font-size\":\"\",\"line-height\":\"\"}' ><h3 style=\"font-family:&#039;Cabin Sketch&#039;;font-weight:bold;color:#063971;\">Follow us on Facebook<\/h3><\/div><\/div><div class=\"ult-spacer spacer-69e0fabf95315\" data-id=\"69e0fabf95315\" data-height=\"20\" data-height-mobile=\"10\" data-height-tab=\"10\" data-height-tab-portrait=\"10\" data-height-mobile-landscape=\"10\" style=\"clear:both;display:block;\"><\/div>[vc_single_image image=&#8221;2736&#8243; img_size=&#8221;75&#215;75&#8243; alignment=&#8221;center&#8221; onclick=&#8221;custom_link&#8221; img_link_target=&#8221;_blank&#8221; css_animation=&#8221;fadeIn&#8221; image_hovers=&#8221;false&#8221; link=&#8221;https:\/\/www.facebook.com\/baptemehelico\/&#8221; lazy_loading=&#8221;true&#8221;]<div class=\"ult-spacer spacer-69e0fabf95330\" data-id=\"69e0fabf95330\" data-height=\"20\" data-height-mobile=\"10\" data-height-tab=\"10\" data-height-tab-portrait=\"10\" data-height-mobile-landscape=\"10\" style=\"clear:both;display:block;\"><\/div>[\/vc_column][vc_column width=&#8221;1\/2&#8243; animation=&#8221;fadeIn&#8221; css=&#8221;.vc_custom_1478163214348{margin-right: 10px !important;margin-left: 10px !important;}&#8221;]<div id=\"ultimate-heading-91869e0fabf95357\" class=\"uvc-heading ult-adjust-bottom-margin ultimate-heading-91869e0fabf95357 uvc-4336  uvc-heading-default-font-sizes\" data-hspacer=\"no_spacer\"  data-halign=\"center\" style=\"text-align:center\"><div class=\"uvc-heading-spacer no_spacer\" style=\"top\"><\/div><div class=\"uvc-main-heading ult-responsive\"  data-ultimate-target='.uvc-heading.ultimate-heading-91869e0fabf95357 h3'  data-responsive-json-new='{\"font-size\":\"\",\"line-height\":\"\"}' ><h3 style=\"font-family:&#039;Cabin Sketch&#039;;font-weight:bold;color:#063971;\">Follow us on Instagram<\/h3><\/div><\/div><div class=\"ult-spacer spacer-69e0fabf95390\" data-id=\"69e0fabf95390\" data-height=\"20\" data-height-mobile=\"10\" data-height-tab=\"10\" data-height-tab-portrait=\"10\" data-height-mobile-landscape=\"10\" style=\"clear:both;display:block;\"><\/div>[vc_single_image image=&#8221;2737&#8243; img_size=&#8221;75&#215;75&#8243; alignment=&#8221;center&#8221; onclick=&#8221;custom_link&#8221; img_link_target=&#8221;_blank&#8221; css_animation=&#8221;fadeIn&#8221; image_hovers=&#8221;false&#8221; link=&#8221;https:\/\/www.instagram.com\/team_flyforyou\/&#8221; lazy_loading=&#8221;true&#8221;]<div class=\"ult-spacer spacer-69e0fabf953a9\" data-id=\"69e0fabf953a9\" data-height=\"20\" data-height-mobile=\"10\" data-height-tab=\"10\" data-height-tab-portrait=\"10\" data-height-mobile-landscape=\"10\" style=\"clear:both;display:block;\"><\/div>[\/vc_column][\/vc_row]<\/p>\n<\/div>","protected":false},"excerpt":{"rendered":"<p>[vc_row type=&#8221;vc_default&#8221; css=&#8221;.vc_custom_1489742686921{margin-top: -30px !important;margin-bottom: 30px !important;}&#8221;][vc_column width=&#8221;1\/2&#8243; css=&#8221;.vc_custom_1489742474320{margin-right: 10px !important;}&#8221;][vc_widget_sidebar sidebar_id=&#8221;sidebar_4&#8243;][\/vc_column][vc_column width=&#8221;1\/2&#8243;][vc_video link=&#8221;https:\/\/www.youtube.com\/watch?v=7vdqoSW1I9U&#8221; align=&#8221;center&#8221;][\/vc_column][\/vc_row][vc_row][vc_column][vc_widget_sidebar sidebar_id=&#8221;sidebar_5&#8243; el_class=&#8221;planning&#8221;][\/vc_column][\/vc_row][vc_row][vc_column][vc_column_text][wpgmza id=&#8221;1&#8243;][\/vc_column_text][\/vc_column][\/vc_row][vc_row margin_top=&#8221;-50&#8243; margin_bottom=&#8221;-75&#8243; css=&#8221;.vc_custom_1465506559991{margin-bottom: -50px !important;}&#8221;][vc_column width=&#8221;1\/2&#8243; animation=&#8221;fadeIn&#8221; css=&#8221;.vc_custom_1478163246937{margin-right: 10px !important;}&#8221;][vc_single_image image=&#8221;2736&#8243; img_size=&#8221;75&#215;75&#8243; alignment=&#8221;center&#8221; onclick=&#8221;custom_link&#8221; img_link_target=&#8221;_blank&#8221; css_animation=&#8221;fadeIn&#8221; image_hovers=&#8221;false&#8221; link=&#8221;https:\/\/www.facebook.com\/baptemehelico\/&#8221; lazy_loading=&#8221;true&#8221;][\/vc_column][vc_column width=&#8221;1\/2&#8243; animation=&#8221;fadeIn&#8221; css=&#8221;.vc_custom_1478163214348{margin-right: 10px !important;margin-left: 10px !important;}&#8221;][vc_single_image image=&#8221;2737&#8243; img_size=&#8221;75&#215;75&#8243; alignment=&#8221;center&#8221; onclick=&#8221;custom_link&#8221; img_link_target=&#8221;_blank&#8221; css_animation=&#8221;fadeIn&#8221; image_hovers=&#8221;false&#8221; link=&#8221;https:\/\/www.instagram.com\/team_flyforyou\/&#8221; lazy_loading=&#8221;true&#8221;][\/vc_column][\/vc_row]<\/p>\n","protected":false},"author":1,"featured_media":0,"parent":0,"menu_order":0,"comment_status":"closed","ping_status":"closed","template":"","meta":{"_acf_changed":false,"footnotes":""},"class_list":["post-3286","page","type-page","status-publish","hentry","description-off"],"acf":[],"yoast_head":"<!-- This site is optimized with the Yoast SEO plugin v27.1.1 - https:\/\/yoast.com\/product\/yoast-seo-wordpress\/ -->\n<title>Planning | Fly For You offrez un bapt\u00eame en h\u00e9licopt\u00e8re<\/title>\n<meta name=\"description\" content=\"D\u00e9couvrez notre planning avec une carte des diff\u00e9rents lieux o\u00f9 nous proposerons nos bapt\u00eames.\" \/>\n<meta name=\"robots\" content=\"index, follow, max-snippet:-1, max-image-preview:large, max-video-preview:-1\" \/>\n<link rel=\"canonical\" href=\"https:\/\/flyforyou.fr\/planning-old\/\" \/>\n<meta property=\"og:locale\" content=\"en_US\" \/>\n<meta property=\"og:type\" content=\"article\" \/>\n<meta property=\"og:title\" content=\"Planning | Fly For You offrez un bapt\u00eame en h\u00e9licopt\u00e8re\" \/>\n<meta property=\"og:description\" content=\"D\u00e9couvrez notre planning avec une carte des diff\u00e9rents lieux o\u00f9 nous proposerons nos bapt\u00eames.\" \/>\n<meta property=\"og:url\" content=\"https:\/\/flyforyou.fr\/planning-old\/\" \/>\n<meta property=\"og:site_name\" content=\"Fly For You\" \/>\n<meta property=\"article:publisher\" content=\"https:\/\/www.facebook.com\/flyforyourself\/\" \/>\n<meta property=\"article:modified_time\" content=\"2017-03-17T12:21:52+00:00\" \/>\n<meta name=\"twitter:card\" content=\"summary_large_image\" \/>\n<meta name=\"twitter:title\" content=\"Planning | Fly For You offrez un bapt\u00eame en h\u00e9licopt\u00e8re\" \/>\n<meta name=\"twitter:description\" content=\"D\u00e9couvrez notre planning avec une carte des diff\u00e9rents lieux o\u00f9 nous proposerons nos bapt\u00eames.\" \/>\n<meta name=\"twitter:image\" content=\"http:\/\/flyforyou.fr\/wp-content\/uploads\/2016\/01\/cadeau-fly-for-you.jpg\" \/>\n<meta name=\"twitter:site\" content=\"@flyforyouTeam\" \/>\n<meta name=\"twitter:label1\" content=\"Est. reading time\" \/>\n\t<meta name=\"twitter:data1\" content=\"3 minutes\" \/>\n<script type=\"application\/ld+json\" class=\"yoast-schema-graph\">{\"@context\":\"https:\/\/schema.org\",\"@graph\":[{\"@type\":\"WebPage\",\"@id\":\"https:\/\/flyforyou.fr\/planning-old\/\",\"url\":\"https:\/\/flyforyou.fr\/planning-old\/\",\"name\":\"Planning | Fly For You offrez un bapt\u00eame en h\u00e9licopt\u00e8re\",\"isPartOf\":{\"@id\":\"https:\/\/flyforyou.fr\/#website\"},\"datePublished\":\"2017-03-17T09:19:25+00:00\",\"dateModified\":\"2017-03-17T12:21:52+00:00\",\"description\":\"D\u00e9couvrez notre planning avec une carte des diff\u00e9rents lieux o\u00f9 nous proposerons nos bapt\u00eames.\",\"breadcrumb\":{\"@id\":\"https:\/\/flyforyou.fr\/planning-old\/#breadcrumb\"},\"inLanguage\":\"en-US\",\"potentialAction\":[{\"@type\":\"ReadAction\",\"target\":[\"https:\/\/flyforyou.fr\/planning-old\/\"]}]},{\"@type\":\"BreadcrumbList\",\"@id\":\"https:\/\/flyforyou.fr\/planning-old\/#breadcrumb\",\"itemListElement\":[{\"@type\":\"ListItem\",\"position\":1,\"name\":\"Accueil\",\"item\":\"https:\/\/flyforyou.fr\/en\/\"},{\"@type\":\"ListItem\",\"position\":2,\"name\":\"Flights schedule\"}]},{\"@type\":\"WebSite\",\"@id\":\"https:\/\/flyforyou.fr\/#website\",\"url\":\"https:\/\/flyforyou.fr\/\",\"name\":\"Fly For You\",\"description\":\"Le sp\u00e9cialiste du bapt\u00eame h\u00e9lico\",\"publisher\":{\"@id\":\"https:\/\/flyforyou.fr\/#organization\"},\"potentialAction\":[{\"@type\":\"SearchAction\",\"target\":{\"@type\":\"EntryPoint\",\"urlTemplate\":\"https:\/\/flyforyou.fr\/?s={search_term_string}\"},\"query-input\":{\"@type\":\"PropertyValueSpecification\",\"valueRequired\":true,\"valueName\":\"search_term_string\"}}],\"inLanguage\":\"en-US\"},{\"@type\":\"Organization\",\"@id\":\"https:\/\/flyforyou.fr\/#organization\",\"name\":\"Fly For You\",\"url\":\"https:\/\/flyforyou.fr\/\",\"logo\":{\"@type\":\"ImageObject\",\"inLanguage\":\"en-US\",\"@id\":\"https:\/\/flyforyou.fr\/#\/schema\/logo\/image\/\",\"url\":\"https:\/\/flyforyou.fr\/wp-content\/uploads\/2016\/06\/logo-mail.png\",\"contentUrl\":\"https:\/\/flyforyou.fr\/wp-content\/uploads\/2016\/06\/logo-mail.png\",\"width\":350,\"height\":75,\"caption\":\"Fly For You\"},\"image\":{\"@id\":\"https:\/\/flyforyou.fr\/#\/schema\/logo\/image\/\"},\"sameAs\":[\"https:\/\/www.facebook.com\/flyforyourself\/\",\"https:\/\/x.com\/flyforyouTeam\"]}]}<\/script>\n<!-- \/ Yoast SEO plugin. -->","yoast_head_json":{"title":"Planning | Fly For You offrez un bapt\u00eame en h\u00e9licopt\u00e8re","description":"D\u00e9couvrez notre planning avec une carte des diff\u00e9rents lieux o\u00f9 nous proposerons nos bapt\u00eames.","robots":{"index":"index","follow":"follow","max-snippet":"max-snippet:-1","max-image-preview":"max-image-preview:large","max-video-preview":"max-video-preview:-1"},"canonical":"https:\/\/flyforyou.fr\/planning-old\/","og_locale":"en_US","og_type":"article","og_title":"Planning | Fly For You offrez un bapt\u00eame en h\u00e9licopt\u00e8re","og_description":"D\u00e9couvrez notre planning avec une carte des diff\u00e9rents lieux o\u00f9 nous proposerons nos bapt\u00eames.","og_url":"https:\/\/flyforyou.fr\/planning-old\/","og_site_name":"Fly For You","article_publisher":"https:\/\/www.facebook.com\/flyforyourself\/","article_modified_time":"2017-03-17T12:21:52+00:00","twitter_card":"summary_large_image","twitter_title":"Planning | Fly For You offrez un bapt\u00eame en h\u00e9licopt\u00e8re","twitter_description":"D\u00e9couvrez notre planning avec une carte des diff\u00e9rents lieux o\u00f9 nous proposerons nos bapt\u00eames.","twitter_image":"http:\/\/flyforyou.fr\/wp-content\/uploads\/2016\/01\/cadeau-fly-for-you.jpg","twitter_site":"@flyforyouTeam","twitter_misc":{"Est. reading time":"3 minutes"},"schema":{"@context":"https:\/\/schema.org","@graph":[{"@type":"WebPage","@id":"https:\/\/flyforyou.fr\/planning-old\/","url":"https:\/\/flyforyou.fr\/planning-old\/","name":"Planning | Fly For You offrez un bapt\u00eame en h\u00e9licopt\u00e8re","isPartOf":{"@id":"https:\/\/flyforyou.fr\/#website"},"datePublished":"2017-03-17T09:19:25+00:00","dateModified":"2017-03-17T12:21:52+00:00","description":"D\u00e9couvrez notre planning avec une carte des diff\u00e9rents lieux o\u00f9 nous proposerons nos bapt\u00eames.","breadcrumb":{"@id":"https:\/\/flyforyou.fr\/planning-old\/#breadcrumb"},"inLanguage":"en-US","potentialAction":[{"@type":"ReadAction","target":["https:\/\/flyforyou.fr\/planning-old\/"]}]},{"@type":"BreadcrumbList","@id":"https:\/\/flyforyou.fr\/planning-old\/#breadcrumb","itemListElement":[{"@type":"ListItem","position":1,"name":"Accueil","item":"https:\/\/flyforyou.fr\/en\/"},{"@type":"ListItem","position":2,"name":"Flights schedule"}]},{"@type":"WebSite","@id":"https:\/\/flyforyou.fr\/#website","url":"https:\/\/flyforyou.fr\/","name":"Fly For You","description":"Le sp\u00e9cialiste du bapt\u00eame h\u00e9lico","publisher":{"@id":"https:\/\/flyforyou.fr\/#organization"},"potentialAction":[{"@type":"SearchAction","target":{"@type":"EntryPoint","urlTemplate":"https:\/\/flyforyou.fr\/?s={search_term_string}"},"query-input":{"@type":"PropertyValueSpecification","valueRequired":true,"valueName":"search_term_string"}}],"inLanguage":"en-US"},{"@type":"Organization","@id":"https:\/\/flyforyou.fr\/#organization","name":"Fly For You","url":"https:\/\/flyforyou.fr\/","logo":{"@type":"ImageObject","inLanguage":"en-US","@id":"https:\/\/flyforyou.fr\/#\/schema\/logo\/image\/","url":"https:\/\/flyforyou.fr\/wp-content\/uploads\/2016\/06\/logo-mail.png","contentUrl":"https:\/\/flyforyou.fr\/wp-content\/uploads\/2016\/06\/logo-mail.png","width":350,"height":75,"caption":"Fly For You"},"image":{"@id":"https:\/\/flyforyou.fr\/#\/schema\/logo\/image\/"},"sameAs":["https:\/\/www.facebook.com\/flyforyourself\/","https:\/\/x.com\/flyforyouTeam"]}]}},"publishpress_future_action":{"enabled":false,"date":"2026-04-23 17:05:35","action":"change-status","newStatus":"draft","terms":[],"taxonomy":"translation_priority","extraData":[]},"publishpress_future_workflow_manual_trigger":{"enabledWorkflows":[]},"_links":{"self":[{"href":"https:\/\/flyforyou.fr\/en\/wp-json\/wp\/v2\/pages\/3286","targetHints":{"allow":["GET"]}}],"collection":[{"href":"https:\/\/flyforyou.fr\/en\/wp-json\/wp\/v2\/pages"}],"about":[{"href":"https:\/\/flyforyou.fr\/en\/wp-json\/wp\/v2\/types\/page"}],"author":[{"embeddable":true,"href":"https:\/\/flyforyou.fr\/en\/wp-json\/wp\/v2\/users\/1"}],"replies":[{"embeddable":true,"href":"https:\/\/flyforyou.fr\/en\/wp-json\/wp\/v2\/comments?post=3286"}],"version-history":[{"count":0,"href":"https:\/\/flyforyou.fr\/en\/wp-json\/wp\/v2\/pages\/3286\/revisions"}],"wp:attachment":[{"href":"https:\/\/flyforyou.fr\/en\/wp-json\/wp\/v2\/media?parent=3286"}],"curies":[{"name":"wp","href":"https:\/\/api.w.org\/{rel}","templated":true}]}}