{"id":5378,"date":"2019-10-29T09:29:55","date_gmt":"2019-10-29T08:29:55","guid":{"rendered":"http:\/\/flyforyou.preprod.jlcw.fr\/?post_type=product&#038;p=5378"},"modified":"2019-10-29T16:43:03","modified_gmt":"2019-10-29T15:43:03","slug":"bon-cadeau-individuel","status":"publish","type":"product","link":"https:\/\/flyforyou.fr\/en\/produit\/bon-cadeau-individuel\/","title":{"rendered":"Bon cadeau individuel"},"content":{"rendered":"<div class=\"wpb-content-wrapper\"><p>[vc_row][vc_column][vc_column_text]I am text block. Click edit button to change this text. Lorem ipsum dolor sit amet, consectetur adipiscing elit. Ut elit tellus, luctus nec ullamcorper mattis, pulvinar dapibus leo.[\/vc_column_text][\/vc_column][\/vc_row]<\/p>\n<\/div>","protected":false},"excerpt":{"rendered":"<p>Choisissez parmi nos formules et assurez vous de faire le plus beau des cadeaux, que ce soit un bapt\u00eame de l\u2019air ou non, nous sommes les sp\u00e9cialistes du vol panoramique en France et garantissons un service de proximit\u00e9 d\u2019une grande qualit\u00e9.<br \/>\n<a class=\"js-scrollTo\" href=\"#tab-description\">Voir la description compl\u00e8te<\/a><\/p>\n","protected":false},"featured_media":5385,"comment_status":"closed","ping_status":"closed","template":"","meta":{"_acf_changed":false},"product_brand":[],"product_cat":[63],"product_tag":[],"class_list":{"0":"post-5378","1":"product","2":"type-product","3":"status-publish","4":"has-post-thumbnail","6":"product_cat-non-classe","7":"description-off","9":"first","10":"instock","11":"taxable","12":"shipping-taxable","13":"purchasable","14":"product-type-variable"},"acf":[],"yoast_head":"<!-- This site is optimized with the Yoast SEO plugin v27.1.1 - https:\/\/yoast.com\/product\/yoast-seo-wordpress\/ -->\n<title>Bon cadeau individuel | Fly For You<\/title>\n<meta name=\"robots\" content=\"index, follow, max-snippet:-1, max-image-preview:large, max-video-preview:-1\" \/>\n<link rel=\"canonical\" href=\"https:\/\/flyforyou.fr\/produit\/offrez-vol-helicoptere\/\" \/>\n<meta property=\"og:locale\" content=\"en_US\" \/>\n<meta property=\"og:type\" content=\"article\" \/>\n<meta property=\"og:title\" content=\"Bon cadeau individuel | Fly For You\" \/>\n<meta property=\"og:description\" content=\"Choisissez parmi nos formules et assurez vous de faire le plus beau des cadeaux, que ce soit un bapt\u00eame de l\u2019air ou non, nous sommes les sp\u00e9cialistes du vol panoramique en France et garantissons un service de proximit\u00e9 d\u2019une grande qualit\u00e9. Voir la description compl\u00e8te\" \/>\n<meta property=\"og:url\" content=\"https:\/\/flyforyou.fr\/produit\/offrez-vol-helicoptere\/\" \/>\n<meta property=\"og:site_name\" content=\"Fly For You\" \/>\n<meta property=\"article:publisher\" content=\"https:\/\/www.facebook.com\/flyforyourself\/\" \/>\n<meta property=\"article:modified_time\" content=\"2019-10-29T15:43:03+00:00\" \/>\n<meta property=\"og:image\" content=\"https:\/\/flyforyou.fr\/wp-content\/uploads\/2019\/10\/Open-Graph-billet-individuel.png\" \/>\n\t<meta property=\"og:image:width\" content=\"1200\" \/>\n\t<meta property=\"og:image:height\" content=\"630\" \/>\n\t<meta property=\"og:image:type\" content=\"image\/png\" \/>\n<meta name=\"twitter:card\" content=\"summary_large_image\" \/>\n<meta name=\"twitter:site\" content=\"@flyforyouTeam\" \/>\n<script type=\"application\/ld+json\" class=\"yoast-schema-graph\">{\"@context\":\"https:\/\/schema.org\",\"@graph\":[{\"@type\":\"WebPage\",\"@id\":\"https:\/\/flyforyou.fr\/produit\/offrez-vol-helicoptere\/\",\"url\":\"https:\/\/flyforyou.fr\/produit\/offrez-vol-helicoptere\/\",\"name\":\"Bon cadeau individuel | Fly For You\",\"isPartOf\":{\"@id\":\"https:\/\/flyforyou.fr\/#website\"},\"primaryImageOfPage\":{\"@id\":\"https:\/\/flyforyou.fr\/produit\/offrez-vol-helicoptere\/#primaryimage\"},\"image\":{\"@id\":\"https:\/\/flyforyou.fr\/produit\/offrez-vol-helicoptere\/#primaryimage\"},\"thumbnailUrl\":\"https:\/\/flyforyou.fr\/wp-content\/uploads\/2019\/10\/Open-Graph-billet-individuel.png\",\"datePublished\":\"2019-10-29T08:29:55+00:00\",\"dateModified\":\"2019-10-29T15:43:03+00:00\",\"breadcrumb\":{\"@id\":\"https:\/\/flyforyou.fr\/produit\/offrez-vol-helicoptere\/#breadcrumb\"},\"inLanguage\":\"en-US\",\"potentialAction\":[{\"@type\":\"ReadAction\",\"target\":[\"https:\/\/flyforyou.fr\/produit\/offrez-vol-helicoptere\/\"]}]},{\"@type\":\"ImageObject\",\"inLanguage\":\"en-US\",\"@id\":\"https:\/\/flyforyou.fr\/produit\/offrez-vol-helicoptere\/#primaryimage\",\"url\":\"https:\/\/flyforyou.fr\/wp-content\/uploads\/2019\/10\/Open-Graph-billet-individuel.png\",\"contentUrl\":\"https:\/\/flyforyou.fr\/wp-content\/uploads\/2019\/10\/Open-Graph-billet-individuel.png\",\"width\":1200,\"height\":630},{\"@type\":\"BreadcrumbList\",\"@id\":\"https:\/\/flyforyou.fr\/produit\/offrez-vol-helicoptere\/#breadcrumb\",\"itemListElement\":[{\"@type\":\"ListItem\",\"position\":1,\"name\":\"Accueil\",\"item\":\"https:\/\/flyforyou.fr\/en\/\"},{\"@type\":\"ListItem\",\"position\":2,\"name\":\"Boutique\",\"item\":\"https:\/\/flyforyou.fr\/?page_id=5374\"},{\"@type\":\"ListItem\",\"position\":3,\"name\":\"Bon cadeau individuel\"}]},{\"@type\":\"WebSite\",\"@id\":\"https:\/\/flyforyou.fr\/#website\",\"url\":\"https:\/\/flyforyou.fr\/\",\"name\":\"Fly For You\",\"description\":\"Le sp\u00e9cialiste du bapt\u00eame h\u00e9lico\",\"publisher\":{\"@id\":\"https:\/\/flyforyou.fr\/#organization\"},\"potentialAction\":[{\"@type\":\"SearchAction\",\"target\":{\"@type\":\"EntryPoint\",\"urlTemplate\":\"https:\/\/flyforyou.fr\/?s={search_term_string}\"},\"query-input\":{\"@type\":\"PropertyValueSpecification\",\"valueRequired\":true,\"valueName\":\"search_term_string\"}}],\"inLanguage\":\"en-US\"},{\"@type\":\"Organization\",\"@id\":\"https:\/\/flyforyou.fr\/#organization\",\"name\":\"Fly For You\",\"url\":\"https:\/\/flyforyou.fr\/\",\"logo\":{\"@type\":\"ImageObject\",\"inLanguage\":\"en-US\",\"@id\":\"https:\/\/flyforyou.fr\/#\/schema\/logo\/image\/\",\"url\":\"https:\/\/flyforyou.fr\/wp-content\/uploads\/2016\/06\/logo-mail.png\",\"contentUrl\":\"https:\/\/flyforyou.fr\/wp-content\/uploads\/2016\/06\/logo-mail.png\",\"width\":350,\"height\":75,\"caption\":\"Fly For You\"},\"image\":{\"@id\":\"https:\/\/flyforyou.fr\/#\/schema\/logo\/image\/\"},\"sameAs\":[\"https:\/\/www.facebook.com\/flyforyourself\/\",\"https:\/\/x.com\/flyforyouTeam\"]}]}<\/script>\n<!-- \/ Yoast SEO plugin. -->","yoast_head_json":{"title":"Bon cadeau individuel | Fly For You","robots":{"index":"index","follow":"follow","max-snippet":"max-snippet:-1","max-image-preview":"max-image-preview:large","max-video-preview":"max-video-preview:-1"},"canonical":"https:\/\/flyforyou.fr\/produit\/offrez-vol-helicoptere\/","og_locale":"en_US","og_type":"article","og_title":"Bon cadeau individuel | Fly For You","og_description":"Choisissez parmi nos formules et assurez vous de faire le plus beau des cadeaux, que ce soit un bapt\u00eame de l\u2019air ou non, nous sommes les sp\u00e9cialistes du vol panoramique en France et garantissons un service de proximit\u00e9 d\u2019une grande qualit\u00e9. Voir la description compl\u00e8te","og_url":"https:\/\/flyforyou.fr\/produit\/offrez-vol-helicoptere\/","og_site_name":"Fly For You","article_publisher":"https:\/\/www.facebook.com\/flyforyourself\/","article_modified_time":"2019-10-29T15:43:03+00:00","og_image":[{"width":1200,"height":630,"url":"https:\/\/flyforyou.fr\/wp-content\/uploads\/2019\/10\/Open-Graph-billet-individuel.png","type":"image\/png"}],"twitter_card":"summary_large_image","twitter_site":"@flyforyouTeam","schema":{"@context":"https:\/\/schema.org","@graph":[{"@type":"WebPage","@id":"https:\/\/flyforyou.fr\/produit\/offrez-vol-helicoptere\/","url":"https:\/\/flyforyou.fr\/produit\/offrez-vol-helicoptere\/","name":"Bon cadeau individuel | Fly For You","isPartOf":{"@id":"https:\/\/flyforyou.fr\/#website"},"primaryImageOfPage":{"@id":"https:\/\/flyforyou.fr\/produit\/offrez-vol-helicoptere\/#primaryimage"},"image":{"@id":"https:\/\/flyforyou.fr\/produit\/offrez-vol-helicoptere\/#primaryimage"},"thumbnailUrl":"https:\/\/flyforyou.fr\/wp-content\/uploads\/2019\/10\/Open-Graph-billet-individuel.png","datePublished":"2019-10-29T08:29:55+00:00","dateModified":"2019-10-29T15:43:03+00:00","breadcrumb":{"@id":"https:\/\/flyforyou.fr\/produit\/offrez-vol-helicoptere\/#breadcrumb"},"inLanguage":"en-US","potentialAction":[{"@type":"ReadAction","target":["https:\/\/flyforyou.fr\/produit\/offrez-vol-helicoptere\/"]}]},{"@type":"ImageObject","inLanguage":"en-US","@id":"https:\/\/flyforyou.fr\/produit\/offrez-vol-helicoptere\/#primaryimage","url":"https:\/\/flyforyou.fr\/wp-content\/uploads\/2019\/10\/Open-Graph-billet-individuel.png","contentUrl":"https:\/\/flyforyou.fr\/wp-content\/uploads\/2019\/10\/Open-Graph-billet-individuel.png","width":1200,"height":630},{"@type":"BreadcrumbList","@id":"https:\/\/flyforyou.fr\/produit\/offrez-vol-helicoptere\/#breadcrumb","itemListElement":[{"@type":"ListItem","position":1,"name":"Accueil","item":"https:\/\/flyforyou.fr\/en\/"},{"@type":"ListItem","position":2,"name":"Boutique","item":"https:\/\/flyforyou.fr\/?page_id=5374"},{"@type":"ListItem","position":3,"name":"Bon cadeau individuel"}]},{"@type":"WebSite","@id":"https:\/\/flyforyou.fr\/#website","url":"https:\/\/flyforyou.fr\/","name":"Fly For You","description":"Le sp\u00e9cialiste du bapt\u00eame h\u00e9lico","publisher":{"@id":"https:\/\/flyforyou.fr\/#organization"},"potentialAction":[{"@type":"SearchAction","target":{"@type":"EntryPoint","urlTemplate":"https:\/\/flyforyou.fr\/?s={search_term_string}"},"query-input":{"@type":"PropertyValueSpecification","valueRequired":true,"valueName":"search_term_string"}}],"inLanguage":"en-US"},{"@type":"Organization","@id":"https:\/\/flyforyou.fr\/#organization","name":"Fly For You","url":"https:\/\/flyforyou.fr\/","logo":{"@type":"ImageObject","inLanguage":"en-US","@id":"https:\/\/flyforyou.fr\/#\/schema\/logo\/image\/","url":"https:\/\/flyforyou.fr\/wp-content\/uploads\/2016\/06\/logo-mail.png","contentUrl":"https:\/\/flyforyou.fr\/wp-content\/uploads\/2016\/06\/logo-mail.png","width":350,"height":75,"caption":"Fly For You"},"image":{"@id":"https:\/\/flyforyou.fr\/#\/schema\/logo\/image\/"},"sameAs":["https:\/\/www.facebook.com\/flyforyourself\/","https:\/\/x.com\/flyforyouTeam"]}]}},"publishpress_future_workflow_manual_trigger":{"enabledWorkflows":[]},"_links":{"self":[{"href":"https:\/\/flyforyou.fr\/en\/wp-json\/wp\/v2\/product\/5378","targetHints":{"allow":["GET"]}}],"collection":[{"href":"https:\/\/flyforyou.fr\/en\/wp-json\/wp\/v2\/product"}],"about":[{"href":"https:\/\/flyforyou.fr\/en\/wp-json\/wp\/v2\/types\/product"}],"replies":[{"embeddable":true,"href":"https:\/\/flyforyou.fr\/en\/wp-json\/wp\/v2\/comments?post=5378"}],"wp:featuredmedia":[{"embeddable":true,"href":"https:\/\/flyforyou.fr\/en\/wp-json\/wp\/v2\/media\/5385"}],"wp:attachment":[{"href":"https:\/\/flyforyou.fr\/en\/wp-json\/wp\/v2\/media?parent=5378"}],"wp:term":[{"taxonomy":"product_brand","embeddable":true,"href":"https:\/\/flyforyou.fr\/en\/wp-json\/wp\/v2\/product_brand?post=5378"},{"taxonomy":"product_cat","embeddable":true,"href":"https:\/\/flyforyou.fr\/en\/wp-json\/wp\/v2\/product_cat?post=5378"},{"taxonomy":"product_tag","embeddable":true,"href":"https:\/\/flyforyou.fr\/en\/wp-json\/wp\/v2\/product_tag?post=5378"}],"curies":[{"name":"wp","href":"https:\/\/api.w.org\/{rel}","templated":true}]}}